{"id":18475,"date":"2025-01-30T10:45:31","date_gmt":"2025-01-30T09:45:31","guid":{"rendered":"https:\/\/www.lidering.com\/?page_id=18475"},"modified":"2025-01-30T10:57:42","modified_gmt":"2025-01-30T09:57:42","slug":"politica-sulla-privacy","status":"publish","type":"page","link":"https:\/\/www.lidering.com\/it\/politica-sulla-privacy\/","title":{"rendered":"Politica sulla privacy"},"content":{"rendered":"\t\t<div data-elementor-type=\"wp-page\" data-elementor-id=\"18475\" class=\"elementor elementor-18475 elementor-6513\" data-elementor-post-type=\"page\">\n\t\t\t\t<div class=\"elementor-element elementor-element-21bca8f e-con-full animated-slow e-flex elementor-invisible e-con e-parent\" data-id=\"21bca8f\" data-element_type=\"container\" data-e-type=\"container\" data-settings=\"{&quot;background_background&quot;:&quot;classic&quot;,&quot;animation&quot;:&quot;fadeIn&quot;,&quot;animation_delay&quot;:600}\">\n\t\t\t\t<div class=\"elementor-element elementor-element-6d631ea elementor-widget__width-initial elementor-absolute elementor-widget elementor-widget-image\" data-id=\"6d631ea\" data-element_type=\"widget\" data-e-type=\"widget\" data-settings=\"{&quot;_position&quot;:&quot;absolute&quot;}\" data-widget_type=\"image.default\">\n\t\t\t\t<div class=\"elementor-widget-container\">\n\t\t\t\t\t\t\t\t\t\t\t\t\t\t\t<img fetchpriority=\"high\" decoding=\"async\" width=\"3568\" height=\"171\" src=\"https:\/\/www.lidering.com\/wp-content\/uploads\/2024\/02\/forma.svg\" class=\"attachment-large size-large wp-image-15648\" alt=\"\" \/>\t\t\t\t\t\t\t\t\t\t\t\t\t\t\t<\/div>\n\t\t\t\t<\/div>\n\t\t\t\t<div class=\"elementor-element elementor-element-eb1dff4 elementor-widget elementor-widget-heading\" data-id=\"eb1dff4\" data-element_type=\"widget\" data-e-type=\"widget\" data-widget_type=\"heading.default\">\n\t\t\t\t<div class=\"elementor-widget-container\">\n\t\t\t\t\t<h1 class=\"elementor-heading-title elementor-size-default\">Politica sulla privacy<\/h1>\t\t\t\t<\/div>\n\t\t\t\t<\/div>\n\t\t\t\t<\/div>\n\t\t<div class=\"elementor-element elementor-element-48c6aae e-flex e-con-boxed e-con e-parent\" data-id=\"48c6aae\" data-element_type=\"container\" data-e-type=\"container\">\n\t\t\t\t\t<div class=\"e-con-inner\">\n\t\t<div class=\"elementor-element elementor-element-3de5000 e-con-full e-flex e-con e-child\" data-id=\"3de5000\" data-element_type=\"container\" data-e-type=\"container\">\n\t\t\t\t<div class=\"elementor-element elementor-element-fe99311 elementor-widget__width-initial elementor-widget elementor-widget-text-editor\" data-id=\"fe99311\" data-element_type=\"widget\" data-e-type=\"widget\" data-widget_type=\"text-editor.default\">\n\t\t\t\t<div class=\"elementor-widget-container\">\n\t\t\t\t\t\t\t\t\t<p><b>Protezione dei dati personali secondo il GDPR<\/b><\/p><p>LIDERING, S.A.U., in applicazione delle normative vigenti in materia di protezione dei dati personali, informa che i dati personali raccolti tramite i moduli del sito web https:\/\/www.lidering.com sono inclusi nei file automatizzati specifici degli utenti dei servizi di LIDERING, S.A.U.<\/p><p>La raccolta e il trattamento automatizzato dei dati personali hanno lo scopo di mantenere la relazione commerciale e svolgere compiti di informazione, formazione, consulenza e altre attivit\u00e0 di LIDERING, S.A.U.<\/p><p>Questi dati saranno trasferiti solo a quelle entit\u00e0 necessarie al solo scopo di adempiere alle finalit\u00e0 sopra menzionate.<\/p><p>LIDERING, S.A.U. adotta le misure necessarie per garantire la sicurezza, l&#8217;integrit\u00e0 e la riservatezza dei dati in conformit\u00e0 con le disposizioni del Regolamento (UE) 2016\/679 del Parlamento Europeo e del Consiglio del 27 aprile 2016 relativo alla protezione delle persone fisiche con riguardo al trattamento dei dati personali e alla libera circolazione di tali dati, e che abroga la vecchia LOPD, la nuova Legge Organica 3\/2018 del 5 dicembre, sulla Protezione dei Dati e Garanzia dei Diritti Digitali (LOPDGDDD).<\/p><p>L&#8217;utente pu\u00f2 in qualsiasi momento esercitare i diritti di accesso, opposizione, rettifica, cancellazione, limitazione e portabilit\u00e0 riconosciuti nel suddetto Regolamento (UE). L&#8217;esercizio di tali diritti pu\u00f2 essere effettuato dall&#8217;utente tramite email a: gdpr@lidering.com o all&#8217;indirizzo: Paseo De Ferrocarrils Catalans, 106-108, C.P. 08940 &#8211; Cornell\u00e0 De Llobregat (Barcelona).<\/p><p>L&#8217;utente dichiara che tutti i dati forniti sono veritieri e corretti, e si impegna a mantenerli aggiornati, comunicando eventuali modifiche a LIDERING, S.A.U.<\/p><p><b>Finalit\u00e0 del trattamento dei dati personali:<\/b><\/p><p><b>Per quali scopi tratteremo i tuoi dati personali?<\/b><\/p><p>LIDERING, S.A.U. tratter\u00e0 i tuoi dati personali raccolti tramite il sito web https:\/\/www.lidering.com per i seguenti scopi:<\/p><ol><li style=\"font-weight: 400;\" aria-level=\"1\">Per fornire i propri servizi in conformit\u00e0 con le esigenze specifiche dei clienti, al fine di adempiere ai contratti sottoscritti.<\/li><li style=\"font-weight: 400;\" aria-level=\"1\">Invio di informazioni commerciali e newsletter su nuovi servizi offerti sul sito web e nel settore.<\/li><li style=\"font-weight: 400;\" aria-level=\"1\">La trasmissione di dati a terzi con cui sono stati stipulati contratti a tal fine, per scopi commerciali, contrattuali, amministrativi, di marketing e\/o operativi.<\/li><li style=\"font-weight: 400;\" aria-level=\"1\">Invio di informazioni promozionali in formato elettronico.<\/li><li aria-level=\"1\">Fornire le informazioni richieste dall&#8217;utente tramite il modulo di contatto.<\/li><\/ol><p>Ricordiamo che puoi opporti all&#8217;invio di comunicazioni commerciali in qualsiasi momento e in qualsiasi modo, inviando un&#8217;email all&#8217;indirizzo sopra indicato.<\/p><p>I campi di questi moduli sono obbligatori, rendendo impossibile il raggiungimento delle finalit\u00e0 espresse se tali dati non vengono forniti.<\/p><p><b>Per quanto tempo saranno conservati i dati personali raccolti?<\/b><\/p><p>I dati personali forniti saranno conservati finch\u00e9 persiste la relazione commerciale o finch\u00e9 non ne richiedi la cancellazione e durante il periodo per il quale possono sorgere responsabilit\u00e0 legali derivanti dai servizi forniti.<\/p><p><b>Legittimazione:<\/b><\/p><p>Il trattamento dei tuoi dati \u00e8 effettuato sulla base delle seguenti basi giuridiche che lo legittimano:<\/p><ol><li style=\"font-weight: 400;\" aria-level=\"1\">La richiesta di informazioni e\/o la sottoscrizione dei servizi di LIDERING, S.A.U., i cui termini e condizioni ti saranno messi a disposizione in ogni caso, prima di un&#8217;eventuale sottoscrizione.<\/li><li style=\"font-weight: 400;\" aria-level=\"1\">Il consenso libero, specifico, informato e inequivocabile, poich\u00e9 ti informiamo rendendoti disponibile questa politica sulla privacy, che dopo averla letta, se sei d&#8217;accordo, puoi accettare con una dichiarazione o un&#8217;azione affermativa chiara, come la selezione di una casella apposita.<\/li><\/ol><p>Nel caso in cui non ci fornisci i tuoi dati o li fornisci in modo errato o incompleto, non saremo in grado di rispondere alla tua richiesta, rendendo impossibile fornirti le informazioni richieste o procedere alla sottoscrizione dei servizi.<\/p><p><b>Destinatari:<\/b><\/p><p>I dati non saranno comunicati a terzi al di fuori di LIDERING, S.A.U., salvo obbligo legale.<\/p><p><b>Dati raccolti dagli utenti dei servizi<\/b><\/p><p>Nei casi in cui l&#8217;utente includa file con dati personali sui server di hosting condivisi, LIDERING, S.A.U. non \u00e8 responsabile della mancata conformit\u00e0 da parte dell&#8217;utente al GDPR.<\/p><p><b>Diritti di propriet\u00e0 intellettuale lidering.com<\/b><\/p><p>LIDERING, S.A.U. \u00e8 titolare di tutti i diritti d&#8217;autore, diritti di propriet\u00e0 intellettuale e industriale, &#8220;know-how&#8221; e qualsiasi altro diritto relativo ai contenuti del sito web https:\/\/www.lidering.com e ai servizi ivi offerti, nonch\u00e9 dei programmi necessari per la sua implementazione e delle informazioni correlate.<\/p><p>La riproduzione, pubblicazione e\/o uso non strettamente privato dei contenuti, in tutto o in parte, del sito web https:\/\/www.lidering.com non \u00e8 consentita senza previo consenso scritto.<\/p><p><b>Propriet\u00e0 intellettuale del software<\/b><\/p><p>L&#8217;utente deve rispettare i programmi di terzi messi a disposizione da LIDERING, S.A.U., anche se sono gratuiti e\/o di pubblico dominio.<\/p><p>LIDERING, S.A.U. dispone dei diritti di sfruttamento e dei diritti di propriet\u00e0 intellettuale necessari del software.<\/p><p>L&#8217;utente non acquisisce alcun diritto o licenza per il servizio sottoscritto, sul software necessario per la fornitura del servizio, n\u00e9 sulle informazioni tecniche per il monitoraggio del servizio, salvo i diritti e le licenze necessarie per l&#8217;esecuzione dei servizi sottoscritti e solo per la durata degli stessi.<\/p><p>Per qualsiasi azione che ecceda l&#8217;esecuzione del contratto, l&#8217;utente avr\u00e0 bisogno di un&#8217;autorizzazione scritta di LIDERING, S.A.U., essendo vietato all&#8217;utente di accedere, modificare, visualizzare la configurazione, la struttura e i file dei server di propriet\u00e0 di LIDERING, S.A.U., assumendo la responsabilit\u00e0 civile e penale derivante da qualsiasi incidente che possa verificarsi sui server e sui sistemi di sicurezza come conseguenza diretta di un&#8217;azione negligente o dolosa da parte sua.<\/p><p><b>Propriet\u00e0 intellettuale dei contenuti ospitati<\/b><\/p><p>L&#8217;uso contrario alla legislazione sulla propriet\u00e0 intellettuale dei servizi forniti da LIDERING, S.A.U. e di:<\/p><ol><li style=\"font-weight: 400;\" aria-level=\"1\">L&#8217;uso contrario alla legge spagnola o che violi i diritti di terzi.<\/li><li style=\"font-weight: 400;\" aria-level=\"1\">La pubblicazione o trasmissione di qualsiasi contenuto che, a giudizio di LIDERING, S.A.U., sia violento, osceno, offensivo, illegale, razzista, xenofobo o diffamatorio.<\/li><li style=\"font-weight: 400;\" aria-level=\"1\">Cracks, numeri di serie di programmi o qualsiasi altro contenuto che violi i diritti di propriet\u00e0 intellettuale di terzi.<\/li><li style=\"font-weight: 400;\" aria-level=\"1\">La raccolta e\/o l&#8217;uso di dati personali di altri utenti senza il loro esplicito consenso o in violazione delle disposizioni del Regolamento (UE) 2016\/679 del Parlamento Europeo e del Consiglio del 27 aprile 2016 relativo alla protezione delle persone fisiche riguardo al trattamento dei dati personali e alla libera circolazione di tali dati.<\/li><li style=\"font-weight: 400;\" aria-level=\"1\">L&#8217;uso del server di posta del dominio e degli indirizzi email per l&#8217;invio di email di massa non richieste.<\/li><\/ol><p>L&#8217;utente assume la piena responsabilit\u00e0 per i contenuti del proprio sito web, le informazioni trasmesse e archiviate, i collegamenti ipertestuali, le rivendicazioni di terzi e le azioni legali in riferimento alla propriet\u00e0 intellettuale, ai diritti di terzi e alla protezione dei minori.<\/p><p>L&#8217;utente \u00e8 responsabile rispetto alle leggi e ai regolamenti in vigore e alle norme riguardanti il funzionamento del servizio online, il commercio elettronico, i diritti d&#8217;autore, il mantenimento dell&#8217;ordine pubblico, nonch\u00e9 i principi universali di utilizzo di Internet.<\/p><p>L&#8217;utente indennizzer\u00e0 LIDERING, S.A.U. per le spese generate dall&#8217;imputazione di LIDERING, S.A.U. in qualsiasi causa la cui responsabilit\u00e0 sia attribuibile all&#8217;utente, comprese le spese legali e di difesa, anche in caso di decisione giudiziaria non definitiva.<\/p><p><b>Protezione delle informazioni ospitate<\/b><\/p><p>LIDERING, S.A.U. effettua copie di backup dei contenuti ospitati sui propri server, tuttavia non \u00e8 responsabile per la perdita o la cancellazione accidentale di dati da parte degli utenti. Allo stesso modo, non garantisce la sostituzione totale dei dati cancellati dagli utenti, poich\u00e9 tali dati potrebbero essere stati cancellati e\/o modificati durante il periodo di tempo trascorso dall&#8217;ultimo backup.<\/p><p>I servizi offerti, eccetto per i servizi specifici di backup, non includono la sostituzione dei contenuti conservati nelle copie di backup effettuate da LIDERING, S.A.U., quando tale perdita \u00e8 attribuibile all&#8217;utente; in questo caso, verr\u00e0 stabilita una tariffa in base alla complessit\u00e0 e al volume del recupero, sempre con la previa accettazione dell&#8217;utente.<\/p><p>La sostituzione dei dati cancellati \u00e8 inclusa nel prezzo del servizio solo quando la perdita del contenuto \u00e8 dovuta a cause imputabili a LIDERING, S.A.U.<\/p><p><b>Comunicazioni commerciali<\/b><\/p><p>In applicazione della LSSI, LIDERING, S.A.U. non invier\u00e0 comunicazioni pubblicitarie o promozionali via email o altri mezzi di comunicazione elettronica equivalenti che non siano stati precedentemente richiesti o espressamente autorizzati dai destinatari.<\/p><p>Nel caso di utenti con cui esiste una relazione contrattuale precedente, LIDERING, S.A.U. \u00e8 autorizzata a inviare comunicazioni commerciali riguardanti prodotti o servizi di LIDERING, S.A.U. simili a quelli inizialmente contrattati con il cliente.<\/p><p>In ogni caso, l&#8217;utente, dopo aver dimostrato la propria identit\u00e0, pu\u00f2 richiedere di non ricevere ulteriori informazioni commerciali attraverso i canali del servizio clienti.<\/p><p><strong>REV: 20.3009<\/strong><\/p>\t\t\t\t\t\t\t\t<\/div>\n\t\t\t\t<\/div>\n\t\t\t\t<\/div>\n\t\t\t\t\t<\/div>\n\t\t\t\t<\/div>\n\t\t\t\t<\/div>\n\t\t","protected":false},"excerpt":{"rendered":"<p>Protezione dei dati personali secondo il GDPR LIDERING, S.A.U., in applicazione delle normative vigenti in materia di protezione dei dati personali, informa che i dati personali raccolti tramite i moduli del sito web https:\/\/www.lidering.com sono inclusi nei file automatizzati specifici degli utenti dei servizi di LIDERING, S.A.U. La raccolta e il trattamento automatizzato dei dati&hellip;&nbsp;<\/p>\n","protected":false},"author":2,"featured_media":0,"parent":0,"menu_order":0,"comment_status":"closed","ping_status":"closed","template":"page-templates\/template-pagebuilder-full-width.php","meta":{"_acf_changed":false,"neve_meta_sidebar":"","neve_meta_container":"","neve_meta_enable_content_width":"off","neve_meta_content_width":100,"neve_meta_title_alignment":"","neve_meta_author_avatar":"","neve_post_elements_order":"","neve_meta_disable_header":"","neve_meta_disable_footer":"","neve_meta_disable_title":"","footnotes":""},"class_list":["post-18475","page","type-page","status-publish","hentry"],"acf":[],"yoast_head":"<!-- This site is optimized with the Yoast SEO plugin v27.4 - https:\/\/yoast.com\/product\/yoast-seo-wordpress\/ -->\n<title>Politica sulla privacy | Lidering<\/title>\n<meta name=\"robots\" content=\"noindex, follow\" \/>\n<meta property=\"og:locale\" content=\"it_IT\" \/>\n<meta property=\"og:type\" content=\"article\" \/>\n<meta property=\"og:title\" content=\"Politica sulla privacy | Lidering\" \/>\n<meta property=\"og:description\" content=\"Protezione dei dati personali secondo il GDPR LIDERING, S.A.U., in applicazione delle normative vigenti in materia di protezione dei dati personali, informa che i dati personali raccolti tramite i moduli del sito web https:\/\/www.lidering.com sono inclusi nei file automatizzati specifici degli utenti dei servizi di LIDERING, S.A.U. La raccolta e il trattamento automatizzato dei dati&hellip;&nbsp;\" \/>\n<meta property=\"og:url\" content=\"https:\/\/www.lidering.com\/it\/politica-sulla-privacy\/\" \/>\n<meta property=\"og:site_name\" content=\"Lidering\" \/>\n<meta property=\"article:modified_time\" content=\"2025-01-30T09:57:42+00:00\" \/>\n<meta name=\"twitter:card\" content=\"summary_large_image\" \/>\n<meta name=\"twitter:label1\" content=\"Tempo di lettura stimato\" \/>\n\t<meta name=\"twitter:data1\" content=\"8 minuti\" \/>\n<script type=\"application\/ld+json\" class=\"yoast-schema-graph\">{\"@context\":\"https:\\\/\\\/schema.org\",\"@graph\":[{\"@type\":\"WebPage\",\"@id\":\"https:\\\/\\\/www.lidering.com\\\/it\\\/politica-sulla-privacy\\\/\",\"url\":\"https:\\\/\\\/www.lidering.com\\\/it\\\/politica-sulla-privacy\\\/\",\"name\":\"Politica sulla privacy | Lidering\",\"isPartOf\":{\"@id\":\"https:\\\/\\\/www.lidering.com\\\/it\\\/#website\"},\"primaryImageOfPage\":{\"@id\":\"https:\\\/\\\/www.lidering.com\\\/it\\\/politica-sulla-privacy\\\/#primaryimage\"},\"image\":{\"@id\":\"https:\\\/\\\/www.lidering.com\\\/it\\\/politica-sulla-privacy\\\/#primaryimage\"},\"thumbnailUrl\":\"https:\\\/\\\/www.lidering.com\\\/wp-content\\\/uploads\\\/2024\\\/02\\\/forma.svg\",\"datePublished\":\"2025-01-30T09:45:31+00:00\",\"dateModified\":\"2025-01-30T09:57:42+00:00\",\"breadcrumb\":{\"@id\":\"https:\\\/\\\/www.lidering.com\\\/it\\\/politica-sulla-privacy\\\/#breadcrumb\"},\"inLanguage\":\"it-IT\",\"potentialAction\":[{\"@type\":\"ReadAction\",\"target\":[\"https:\\\/\\\/www.lidering.com\\\/it\\\/politica-sulla-privacy\\\/\"]}]},{\"@type\":\"ImageObject\",\"inLanguage\":\"it-IT\",\"@id\":\"https:\\\/\\\/www.lidering.com\\\/it\\\/politica-sulla-privacy\\\/#primaryimage\",\"url\":\"https:\\\/\\\/www.lidering.com\\\/wp-content\\\/uploads\\\/2024\\\/02\\\/forma.svg\",\"contentUrl\":\"https:\\\/\\\/www.lidering.com\\\/wp-content\\\/uploads\\\/2024\\\/02\\\/forma.svg\"},{\"@type\":\"BreadcrumbList\",\"@id\":\"https:\\\/\\\/www.lidering.com\\\/it\\\/politica-sulla-privacy\\\/#breadcrumb\",\"itemListElement\":[{\"@type\":\"ListItem\",\"position\":1,\"name\":\"Portada\",\"item\":\"https:\\\/\\\/www.lidering.com\\\/it\\\/\"},{\"@type\":\"ListItem\",\"position\":2,\"name\":\"Politica sulla privacy\"}]},{\"@type\":\"WebSite\",\"@id\":\"https:\\\/\\\/www.lidering.com\\\/it\\\/#website\",\"url\":\"https:\\\/\\\/www.lidering.com\\\/it\\\/\",\"name\":\"Lidering\",\"description\":\"Expertos en sellos mec\u00e1nicos\",\"publisher\":{\"@id\":\"https:\\\/\\\/www.lidering.com\\\/it\\\/#organization\"},\"alternateName\":\"Lidering\",\"potentialAction\":[{\"@type\":\"SearchAction\",\"target\":{\"@type\":\"EntryPoint\",\"urlTemplate\":\"https:\\\/\\\/www.lidering.com\\\/it\\\/?s={search_term_string}\"},\"query-input\":{\"@type\":\"PropertyValueSpecification\",\"valueRequired\":true,\"valueName\":\"search_term_string\"}}],\"inLanguage\":\"it-IT\"},{\"@type\":\"Organization\",\"@id\":\"https:\\\/\\\/www.lidering.com\\\/it\\\/#organization\",\"name\":\"Lidering\",\"alternateName\":\"Lidering\",\"url\":\"https:\\\/\\\/www.lidering.com\\\/it\\\/\",\"logo\":{\"@type\":\"ImageObject\",\"inLanguage\":\"it-IT\",\"@id\":\"https:\\\/\\\/www.lidering.com\\\/it\\\/#\\\/schema\\\/logo\\\/image\\\/\",\"url\":\"https:\\\/\\\/www.lidering.com\\\/wp-content\\\/uploads\\\/2026\\\/01\\\/favicon.png\",\"contentUrl\":\"https:\\\/\\\/www.lidering.com\\\/wp-content\\\/uploads\\\/2026\\\/01\\\/favicon.png\",\"width\":512,\"height\":512,\"caption\":\"Lidering\"},\"image\":{\"@id\":\"https:\\\/\\\/www.lidering.com\\\/it\\\/#\\\/schema\\\/logo\\\/image\\\/\"}}]}<\/script>\n<!-- \/ Yoast SEO plugin. -->","yoast_head_json":{"title":"Politica sulla privacy | Lidering","robots":{"index":"noindex","follow":"follow"},"og_locale":"it_IT","og_type":"article","og_title":"Politica sulla privacy | Lidering","og_description":"Protezione dei dati personali secondo il GDPR LIDERING, S.A.U., in applicazione delle normative vigenti in materia di protezione dei dati personali, informa che i dati personali raccolti tramite i moduli del sito web https:\/\/www.lidering.com sono inclusi nei file automatizzati specifici degli utenti dei servizi di LIDERING, S.A.U. La raccolta e il trattamento automatizzato dei dati&hellip;&nbsp;","og_url":"https:\/\/www.lidering.com\/it\/politica-sulla-privacy\/","og_site_name":"Lidering","article_modified_time":"2025-01-30T09:57:42+00:00","twitter_card":"summary_large_image","twitter_misc":{"Tempo di lettura stimato":"8 minuti"},"schema":{"@context":"https:\/\/schema.org","@graph":[{"@type":"WebPage","@id":"https:\/\/www.lidering.com\/it\/politica-sulla-privacy\/","url":"https:\/\/www.lidering.com\/it\/politica-sulla-privacy\/","name":"Politica sulla privacy | Lidering","isPartOf":{"@id":"https:\/\/www.lidering.com\/it\/#website"},"primaryImageOfPage":{"@id":"https:\/\/www.lidering.com\/it\/politica-sulla-privacy\/#primaryimage"},"image":{"@id":"https:\/\/www.lidering.com\/it\/politica-sulla-privacy\/#primaryimage"},"thumbnailUrl":"https:\/\/www.lidering.com\/wp-content\/uploads\/2024\/02\/forma.svg","datePublished":"2025-01-30T09:45:31+00:00","dateModified":"2025-01-30T09:57:42+00:00","breadcrumb":{"@id":"https:\/\/www.lidering.com\/it\/politica-sulla-privacy\/#breadcrumb"},"inLanguage":"it-IT","potentialAction":[{"@type":"ReadAction","target":["https:\/\/www.lidering.com\/it\/politica-sulla-privacy\/"]}]},{"@type":"ImageObject","inLanguage":"it-IT","@id":"https:\/\/www.lidering.com\/it\/politica-sulla-privacy\/#primaryimage","url":"https:\/\/www.lidering.com\/wp-content\/uploads\/2024\/02\/forma.svg","contentUrl":"https:\/\/www.lidering.com\/wp-content\/uploads\/2024\/02\/forma.svg"},{"@type":"BreadcrumbList","@id":"https:\/\/www.lidering.com\/it\/politica-sulla-privacy\/#breadcrumb","itemListElement":[{"@type":"ListItem","position":1,"name":"Portada","item":"https:\/\/www.lidering.com\/it\/"},{"@type":"ListItem","position":2,"name":"Politica sulla privacy"}]},{"@type":"WebSite","@id":"https:\/\/www.lidering.com\/it\/#website","url":"https:\/\/www.lidering.com\/it\/","name":"Lidering","description":"Expertos en sellos mec\u00e1nicos","publisher":{"@id":"https:\/\/www.lidering.com\/it\/#organization"},"alternateName":"Lidering","potentialAction":[{"@type":"SearchAction","target":{"@type":"EntryPoint","urlTemplate":"https:\/\/www.lidering.com\/it\/?s={search_term_string}"},"query-input":{"@type":"PropertyValueSpecification","valueRequired":true,"valueName":"search_term_string"}}],"inLanguage":"it-IT"},{"@type":"Organization","@id":"https:\/\/www.lidering.com\/it\/#organization","name":"Lidering","alternateName":"Lidering","url":"https:\/\/www.lidering.com\/it\/","logo":{"@type":"ImageObject","inLanguage":"it-IT","@id":"https:\/\/www.lidering.com\/it\/#\/schema\/logo\/image\/","url":"https:\/\/www.lidering.com\/wp-content\/uploads\/2026\/01\/favicon.png","contentUrl":"https:\/\/www.lidering.com\/wp-content\/uploads\/2026\/01\/favicon.png","width":512,"height":512,"caption":"Lidering"},"image":{"@id":"https:\/\/www.lidering.com\/it\/#\/schema\/logo\/image\/"}}]}},"_links":{"self":[{"href":"https:\/\/www.lidering.com\/it\/wp-json\/wp\/v2\/pages\/18475","targetHints":{"allow":["GET"]}}],"collection":[{"href":"https:\/\/www.lidering.com\/it\/wp-json\/wp\/v2\/pages"}],"about":[{"href":"https:\/\/www.lidering.com\/it\/wp-json\/wp\/v2\/types\/page"}],"author":[{"embeddable":true,"href":"https:\/\/www.lidering.com\/it\/wp-json\/wp\/v2\/users\/2"}],"replies":[{"embeddable":true,"href":"https:\/\/www.lidering.com\/it\/wp-json\/wp\/v2\/comments?post=18475"}],"version-history":[{"count":4,"href":"https:\/\/www.lidering.com\/it\/wp-json\/wp\/v2\/pages\/18475\/revisions"}],"predecessor-version":[{"id":18480,"href":"https:\/\/www.lidering.com\/it\/wp-json\/wp\/v2\/pages\/18475\/revisions\/18480"}],"wp:attachment":[{"href":"https:\/\/www.lidering.com\/it\/wp-json\/wp\/v2\/media?parent=18475"}],"curies":[{"name":"wp","href":"https:\/\/api.w.org\/{rel}","templated":true}]}}