{"id":18465,"date":"2025-01-30T10:27:44","date_gmt":"2025-01-30T09:27:44","guid":{"rendered":"https:\/\/www.lidering.com\/?page_id=18465"},"modified":"2025-01-30T11:16:56","modified_gmt":"2025-01-30T10:16:56","slug":"avviso-legale","status":"publish","type":"page","link":"https:\/\/www.lidering.com\/it\/avviso-legale\/","title":{"rendered":"Avviso legale"},"content":{"rendered":"\t\t<div data-elementor-type=\"wp-page\" data-elementor-id=\"18465\" class=\"elementor elementor-18465 elementor-6509\" data-elementor-post-type=\"page\">\n\t\t\t\t<div class=\"elementor-element elementor-element-cf22985 e-con-full animated-slow e-flex elementor-invisible e-con e-parent\" data-id=\"cf22985\" data-element_type=\"container\" data-e-type=\"container\" data-settings=\"{&quot;background_background&quot;:&quot;classic&quot;,&quot;animation&quot;:&quot;fadeIn&quot;,&quot;animation_delay&quot;:600}\">\n\t\t\t\t<div class=\"elementor-element elementor-element-291c417 elementor-widget__width-initial elementor-absolute elementor-widget elementor-widget-image\" data-id=\"291c417\" data-element_type=\"widget\" data-e-type=\"widget\" data-settings=\"{&quot;_position&quot;:&quot;absolute&quot;}\" data-widget_type=\"image.default\">\n\t\t\t\t<div class=\"elementor-widget-container\">\n\t\t\t\t\t\t\t\t\t\t\t\t\t\t\t<img fetchpriority=\"high\" decoding=\"async\" width=\"3568\" height=\"171\" src=\"https:\/\/www.lidering.com\/wp-content\/uploads\/2024\/02\/forma.svg\" class=\"attachment-large size-large wp-image-15648\" alt=\"\" \/>\t\t\t\t\t\t\t\t\t\t\t\t\t\t\t<\/div>\n\t\t\t\t<\/div>\n\t\t\t\t<div class=\"elementor-element elementor-element-140acbe elementor-widget elementor-widget-heading\" data-id=\"140acbe\" data-element_type=\"widget\" data-e-type=\"widget\" data-widget_type=\"heading.default\">\n\t\t\t\t<div class=\"elementor-widget-container\">\n\t\t\t\t\t<h1 class=\"elementor-heading-title elementor-size-default\">Avviso Legale<\/h1>\t\t\t\t<\/div>\n\t\t\t\t<\/div>\n\t\t\t\t<\/div>\n\t\t<div class=\"elementor-element elementor-element-5704961 e-flex e-con-boxed e-con e-parent\" data-id=\"5704961\" data-element_type=\"container\" data-e-type=\"container\">\n\t\t\t\t\t<div class=\"e-con-inner\">\n\t\t<div class=\"elementor-element elementor-element-4cb9182 e-con-full e-flex e-con e-child\" data-id=\"4cb9182\" data-element_type=\"container\" data-e-type=\"container\">\n\t\t\t\t<div class=\"elementor-element elementor-element-e0422b8 elementor-widget__width-initial elementor-widget elementor-widget-text-editor\" data-id=\"e0422b8\" data-element_type=\"widget\" data-e-type=\"widget\" data-widget_type=\"text-editor.default\">\n\t\t\t\t<div class=\"elementor-widget-container\">\n\t\t\t\t\t\t\t\t\t<p style=\"text-align: justify;\">In conformit\u00e0 con l&#8217;obbligo di informazione previsto dall&#8217;articolo 10 della Legge 34\/2002, dell&#8217;11 luglio, sui Servizi della Societ\u00e0 dell&#8217;Informazione e sul Commercio Elettronico (LSSICE), il titolare della pagina web informa quanto segue:<\/p>\n<p style=\"text-align: justify;\"><b>Denominazione sociale<\/b>: LIDERING, S.A.U.<br><b>TAX<\/b>: A08382491<br><b>Indirizzo<\/b>: Paseo de Ferrocarrils Catalans, 106-108 &#8211; 08940 Cornell\u00e0 de Llobregat (Barcelona)<\/p>\n<p style=\"text-align: justify;\"><span style=\"text-align: var(--text-align); background-color: var(--nv-site-bg);\">Nei limiti stabiliti dalla legge, <b>LIDERING, S.A.U.<\/b> non assume alcuna responsabilit\u00e0 per la mancanza di veridicit\u00e0, integrit\u00e0, aggiornamento e accuratezza dei dati o delle informazioni contenute nelle sue pagine web.<\/span><\/p>\n<p style=\"text-align: justify;\"><span style=\"text-align: var(--text-align); background-color: var(--nv-site-bg);\">I contenuti e le informazioni non vincolano <b>LIDERING, S.A.U.<\/b> e non costituiscono opinioni, consigli o consulenze legali di alcun tipo, in quanto si tratta semplicemente di un servizio offerto a scopo informativo.<\/span><\/p>\n<p style=\"text-align: justify;\"><span style=\"text-align: var(--text-align); background-color: var(--nv-site-bg);\">Le pagine Internet di <b>LIDERING, S.A.U.<\/b> possono contenere link ad altre pagine di terzi che <b>LIDERING, S.A.U.<\/b> non pu\u00f2 controllare. Pertanto, <b>LIDERING, S.A.U.<\/b> non pu\u00f2 assumersi alcuna responsabilit\u00e0 per il contenuto che pu\u00f2 apparire su siti di terzi.<\/span><\/p>\n<p style=\"text-align: justify;\">I testi, le immagini, i suoni, le animazioni, i software e gli altri contenuti inclusi in questo sito web sono di propriet\u00e0 esclusiva di <b>LIDERING, S.A.U.<\/b> o dei suoi licenziatari. Qualsiasi atto di trasmissione, distribuzione, cessione, riproduzione, archiviazione o comunicazione pubblica, totale o parziale, deve avere il consenso espresso di <b>LIDERING, S.A.U.<\/b><\/p>\n<p style=\"text-align: justify;\"><span style=\"text-align: var(--text-align); background-color: var(--nv-site-bg);\">Inoltre, per accedere ad alcuni dei servizi che <b>LIDERING, S.A.U.<\/b> offre tramite il sito web, \u00e8 necessario fornire alcuni dati personali. In conformit\u00e0 con le disposizioni del Regolamento (UE) 2016\/679 del Parlamento Europeo e del Consiglio del 27 aprile 2016 relativo alla protezione delle persone fisiche con riguardo al trattamento dei dati personali e alla libera circolazione di tali dati, ti informiamo che, compilando questi moduli, i tuoi dati personali saranno incorporati e trattati nei file di <b>LIDERING, S.A.U<\/b>. al fine di poterti fornire e offrire i nostri servizi, nonch\u00e9 per informarti dei miglioramenti del sito web.<\/span><\/p>\n<p style=\"text-align: justify;\">Ti informiamo inoltre che in qualsiasi momento potrai esercitare i tuoi diritti di accesso, rettifica, cancellazione, opposizione, limitazione e portabilit\u00e0 dei tuoi dati personali, gratuitamente, inviando un&#8217;email a:&nbsp;<a style=\"--linkdeco: underline; opacity: 0.9; letter-spacing: -0.2px;\" href=\"mailto:gdpr@lidering.com\">gdpr@lidering.com<\/a>&nbsp;o all&#8217;indirizzo: Paseo De Ferrocarrils Catalans, 106-108, 08940 &#8211; Cornell\u00e0 De Llobregat (Barcellona).<\/p>\n<p style=\"text-align: justify;\"><b>REV: 20.3009<\/b><\/p>\n<p style=\"text-align: justify;\">\n<\/p>\t\t\t\t\t\t\t\t<\/div>\n\t\t\t\t<\/div>\n\t\t\t\t<\/div>\n\t\t\t\t\t<\/div>\n\t\t\t\t<\/div>\n\t\t\t\t<\/div>\n\t\t","protected":false},"excerpt":{"rendered":"<p>Avviso Legale In conformit\u00e0 con l&#8217;obbligo di informazione previsto dall&#8217;articolo 10 della Legge 34\/2002, dell&#8217;11 luglio, sui Servizi della Societ\u00e0 dell&#8217;Informazione e sul Commercio Elettronico (LSSICE), il titolare della pagina web informa quanto segue: Denominazione sociale: LIDERING, S.A.U. TAX: A08382491 Indirizzo: Paseo de Ferrocarrils Catalans, 106-108 &#8211; 08940 Cornell\u00e0 de Llobregat (Barcelona) Nei limiti stabiliti&hellip;&nbsp;<\/p>\n","protected":false},"author":2,"featured_media":0,"parent":0,"menu_order":0,"comment_status":"closed","ping_status":"closed","template":"page-templates\/template-pagebuilder-full-width.php","meta":{"_acf_changed":false,"neve_meta_sidebar":"","neve_meta_container":"","neve_meta_enable_content_width":"off","neve_meta_content_width":100,"neve_meta_title_alignment":"","neve_meta_author_avatar":"","neve_post_elements_order":"","neve_meta_disable_header":"","neve_meta_disable_footer":"","neve_meta_disable_title":"","footnotes":""},"class_list":["post-18465","page","type-page","status-publish","hentry"],"acf":[],"yoast_head":"<!-- This site is optimized with the Yoast SEO plugin v27.4 - https:\/\/yoast.com\/product\/yoast-seo-wordpress\/ -->\n<title>Avviso legale | Lidering<\/title>\n<meta name=\"robots\" content=\"noindex, follow\" \/>\n<meta property=\"og:locale\" content=\"it_IT\" \/>\n<meta property=\"og:type\" content=\"article\" \/>\n<meta property=\"og:title\" content=\"Avviso legale | Lidering\" \/>\n<meta property=\"og:description\" content=\"Avviso Legale In conformit\u00e0 con l&#8217;obbligo di informazione previsto dall&#8217;articolo 10 della Legge 34\/2002, dell&#8217;11 luglio, sui Servizi della Societ\u00e0 dell&#8217;Informazione e sul Commercio Elettronico (LSSICE), il titolare della pagina web informa quanto segue: Denominazione sociale: LIDERING, S.A.U. TAX: A08382491 Indirizzo: Paseo de Ferrocarrils Catalans, 106-108 &#8211; 08940 Cornell\u00e0 de Llobregat (Barcelona) Nei limiti stabiliti&hellip;&nbsp;\" \/>\n<meta property=\"og:url\" content=\"https:\/\/www.lidering.com\/it\/avviso-legale\/\" \/>\n<meta property=\"og:site_name\" content=\"Lidering\" \/>\n<meta property=\"article:modified_time\" content=\"2025-01-30T10:16:56+00:00\" \/>\n<meta property=\"og:image\" content=\"https:\/\/www.lidering.com\/wp-content\/uploads\/2024\/02\/forma.svg\" \/>\n<meta name=\"twitter:card\" content=\"summary_large_image\" \/>\n<meta name=\"twitter:label1\" content=\"Tempo di lettura stimato\" \/>\n\t<meta name=\"twitter:data1\" content=\"2 minuti\" \/>\n<script type=\"application\/ld+json\" class=\"yoast-schema-graph\">{\"@context\":\"https:\\\/\\\/schema.org\",\"@graph\":[{\"@type\":\"WebPage\",\"@id\":\"https:\\\/\\\/www.lidering.com\\\/it\\\/avviso-legale\\\/\",\"url\":\"https:\\\/\\\/www.lidering.com\\\/it\\\/avviso-legale\\\/\",\"name\":\"Avviso legale | Lidering\",\"isPartOf\":{\"@id\":\"https:\\\/\\\/www.lidering.com\\\/it\\\/#website\"},\"primaryImageOfPage\":{\"@id\":\"https:\\\/\\\/www.lidering.com\\\/it\\\/avviso-legale\\\/#primaryimage\"},\"image\":{\"@id\":\"https:\\\/\\\/www.lidering.com\\\/it\\\/avviso-legale\\\/#primaryimage\"},\"thumbnailUrl\":\"https:\\\/\\\/www.lidering.com\\\/wp-content\\\/uploads\\\/2024\\\/02\\\/forma.svg\",\"datePublished\":\"2025-01-30T09:27:44+00:00\",\"dateModified\":\"2025-01-30T10:16:56+00:00\",\"breadcrumb\":{\"@id\":\"https:\\\/\\\/www.lidering.com\\\/it\\\/avviso-legale\\\/#breadcrumb\"},\"inLanguage\":\"it-IT\",\"potentialAction\":[{\"@type\":\"ReadAction\",\"target\":[\"https:\\\/\\\/www.lidering.com\\\/it\\\/avviso-legale\\\/\"]}]},{\"@type\":\"ImageObject\",\"inLanguage\":\"it-IT\",\"@id\":\"https:\\\/\\\/www.lidering.com\\\/it\\\/avviso-legale\\\/#primaryimage\",\"url\":\"https:\\\/\\\/www.lidering.com\\\/wp-content\\\/uploads\\\/2024\\\/02\\\/forma.svg\",\"contentUrl\":\"https:\\\/\\\/www.lidering.com\\\/wp-content\\\/uploads\\\/2024\\\/02\\\/forma.svg\"},{\"@type\":\"BreadcrumbList\",\"@id\":\"https:\\\/\\\/www.lidering.com\\\/it\\\/avviso-legale\\\/#breadcrumb\",\"itemListElement\":[{\"@type\":\"ListItem\",\"position\":1,\"name\":\"Portada\",\"item\":\"https:\\\/\\\/www.lidering.com\\\/it\\\/\"},{\"@type\":\"ListItem\",\"position\":2,\"name\":\"Avviso legale\"}]},{\"@type\":\"WebSite\",\"@id\":\"https:\\\/\\\/www.lidering.com\\\/it\\\/#website\",\"url\":\"https:\\\/\\\/www.lidering.com\\\/it\\\/\",\"name\":\"Lidering\",\"description\":\"Expertos en sellos mec\u00e1nicos\",\"publisher\":{\"@id\":\"https:\\\/\\\/www.lidering.com\\\/it\\\/#organization\"},\"alternateName\":\"Lidering\",\"potentialAction\":[{\"@type\":\"SearchAction\",\"target\":{\"@type\":\"EntryPoint\",\"urlTemplate\":\"https:\\\/\\\/www.lidering.com\\\/it\\\/?s={search_term_string}\"},\"query-input\":{\"@type\":\"PropertyValueSpecification\",\"valueRequired\":true,\"valueName\":\"search_term_string\"}}],\"inLanguage\":\"it-IT\"},{\"@type\":\"Organization\",\"@id\":\"https:\\\/\\\/www.lidering.com\\\/it\\\/#organization\",\"name\":\"Lidering\",\"alternateName\":\"Lidering\",\"url\":\"https:\\\/\\\/www.lidering.com\\\/it\\\/\",\"logo\":{\"@type\":\"ImageObject\",\"inLanguage\":\"it-IT\",\"@id\":\"https:\\\/\\\/www.lidering.com\\\/it\\\/#\\\/schema\\\/logo\\\/image\\\/\",\"url\":\"https:\\\/\\\/www.lidering.com\\\/wp-content\\\/uploads\\\/2026\\\/01\\\/favicon.png\",\"contentUrl\":\"https:\\\/\\\/www.lidering.com\\\/wp-content\\\/uploads\\\/2026\\\/01\\\/favicon.png\",\"width\":512,\"height\":512,\"caption\":\"Lidering\"},\"image\":{\"@id\":\"https:\\\/\\\/www.lidering.com\\\/it\\\/#\\\/schema\\\/logo\\\/image\\\/\"}}]}<\/script>\n<!-- \/ Yoast SEO plugin. -->","yoast_head_json":{"title":"Avviso legale | Lidering","robots":{"index":"noindex","follow":"follow"},"og_locale":"it_IT","og_type":"article","og_title":"Avviso legale | Lidering","og_description":"Avviso Legale In conformit\u00e0 con l&#8217;obbligo di informazione previsto dall&#8217;articolo 10 della Legge 34\/2002, dell&#8217;11 luglio, sui Servizi della Societ\u00e0 dell&#8217;Informazione e sul Commercio Elettronico (LSSICE), il titolare della pagina web informa quanto segue: Denominazione sociale: LIDERING, S.A.U. TAX: A08382491 Indirizzo: Paseo de Ferrocarrils Catalans, 106-108 &#8211; 08940 Cornell\u00e0 de Llobregat (Barcelona) Nei limiti stabiliti&hellip;&nbsp;","og_url":"https:\/\/www.lidering.com\/it\/avviso-legale\/","og_site_name":"Lidering","article_modified_time":"2025-01-30T10:16:56+00:00","og_image":[{"url":"https:\/\/www.lidering.com\/wp-content\/uploads\/2024\/02\/forma.svg","type":"","width":"","height":""}],"twitter_card":"summary_large_image","twitter_misc":{"Tempo di lettura stimato":"2 minuti"},"schema":{"@context":"https:\/\/schema.org","@graph":[{"@type":"WebPage","@id":"https:\/\/www.lidering.com\/it\/avviso-legale\/","url":"https:\/\/www.lidering.com\/it\/avviso-legale\/","name":"Avviso legale | Lidering","isPartOf":{"@id":"https:\/\/www.lidering.com\/it\/#website"},"primaryImageOfPage":{"@id":"https:\/\/www.lidering.com\/it\/avviso-legale\/#primaryimage"},"image":{"@id":"https:\/\/www.lidering.com\/it\/avviso-legale\/#primaryimage"},"thumbnailUrl":"https:\/\/www.lidering.com\/wp-content\/uploads\/2024\/02\/forma.svg","datePublished":"2025-01-30T09:27:44+00:00","dateModified":"2025-01-30T10:16:56+00:00","breadcrumb":{"@id":"https:\/\/www.lidering.com\/it\/avviso-legale\/#breadcrumb"},"inLanguage":"it-IT","potentialAction":[{"@type":"ReadAction","target":["https:\/\/www.lidering.com\/it\/avviso-legale\/"]}]},{"@type":"ImageObject","inLanguage":"it-IT","@id":"https:\/\/www.lidering.com\/it\/avviso-legale\/#primaryimage","url":"https:\/\/www.lidering.com\/wp-content\/uploads\/2024\/02\/forma.svg","contentUrl":"https:\/\/www.lidering.com\/wp-content\/uploads\/2024\/02\/forma.svg"},{"@type":"BreadcrumbList","@id":"https:\/\/www.lidering.com\/it\/avviso-legale\/#breadcrumb","itemListElement":[{"@type":"ListItem","position":1,"name":"Portada","item":"https:\/\/www.lidering.com\/it\/"},{"@type":"ListItem","position":2,"name":"Avviso legale"}]},{"@type":"WebSite","@id":"https:\/\/www.lidering.com\/it\/#website","url":"https:\/\/www.lidering.com\/it\/","name":"Lidering","description":"Expertos en sellos mec\u00e1nicos","publisher":{"@id":"https:\/\/www.lidering.com\/it\/#organization"},"alternateName":"Lidering","potentialAction":[{"@type":"SearchAction","target":{"@type":"EntryPoint","urlTemplate":"https:\/\/www.lidering.com\/it\/?s={search_term_string}"},"query-input":{"@type":"PropertyValueSpecification","valueRequired":true,"valueName":"search_term_string"}}],"inLanguage":"it-IT"},{"@type":"Organization","@id":"https:\/\/www.lidering.com\/it\/#organization","name":"Lidering","alternateName":"Lidering","url":"https:\/\/www.lidering.com\/it\/","logo":{"@type":"ImageObject","inLanguage":"it-IT","@id":"https:\/\/www.lidering.com\/it\/#\/schema\/logo\/image\/","url":"https:\/\/www.lidering.com\/wp-content\/uploads\/2026\/01\/favicon.png","contentUrl":"https:\/\/www.lidering.com\/wp-content\/uploads\/2026\/01\/favicon.png","width":512,"height":512,"caption":"Lidering"},"image":{"@id":"https:\/\/www.lidering.com\/it\/#\/schema\/logo\/image\/"}}]}},"_links":{"self":[{"href":"https:\/\/www.lidering.com\/it\/wp-json\/wp\/v2\/pages\/18465","targetHints":{"allow":["GET"]}}],"collection":[{"href":"https:\/\/www.lidering.com\/it\/wp-json\/wp\/v2\/pages"}],"about":[{"href":"https:\/\/www.lidering.com\/it\/wp-json\/wp\/v2\/types\/page"}],"author":[{"embeddable":true,"href":"https:\/\/www.lidering.com\/it\/wp-json\/wp\/v2\/users\/2"}],"replies":[{"embeddable":true,"href":"https:\/\/www.lidering.com\/it\/wp-json\/wp\/v2\/comments?post=18465"}],"version-history":[{"count":8,"href":"https:\/\/www.lidering.com\/it\/wp-json\/wp\/v2\/pages\/18465\/revisions"}],"predecessor-version":[{"id":18473,"href":"https:\/\/www.lidering.com\/it\/wp-json\/wp\/v2\/pages\/18465\/revisions\/18473"}],"wp:attachment":[{"href":"https:\/\/www.lidering.com\/it\/wp-json\/wp\/v2\/media?parent=18465"}],"curies":[{"name":"wp","href":"https:\/\/api.w.org\/{rel}","templated":true}]}}