{"id":12378,"date":"2024-05-28T15:40:14","date_gmt":"2024-05-28T13:40:14","guid":{"rendered":"https:\/\/www.lidering.com\/product-warranty\/"},"modified":"2024-06-05T12:28:15","modified_gmt":"2024-06-05T10:28:15","slug":"garantie-des-produits","status":"publish","type":"page","link":"https:\/\/www.lidering.com\/fr\/garantie-des-produits\/","title":{"rendered":"Garantie des produits"},"content":{"rendered":"\t\t<div data-elementor-type=\"wp-page\" data-elementor-id=\"12378\" class=\"elementor elementor-12378 elementor-6524\" data-elementor-post-type=\"page\">\n\t\t\t\t<div class=\"elementor-element elementor-element-d155924 e-con-full animated-slow e-flex elementor-invisible e-con e-parent\" data-id=\"d155924\" data-element_type=\"container\" data-e-type=\"container\" data-settings=\"{&quot;background_background&quot;:&quot;classic&quot;,&quot;animation&quot;:&quot;fadeIn&quot;,&quot;animation_delay&quot;:600}\">\n\t\t\t\t<div class=\"elementor-element elementor-element-7846fec elementor-widget__width-initial elementor-absolute elementor-widget elementor-widget-image\" data-id=\"7846fec\" data-element_type=\"widget\" data-e-type=\"widget\" data-settings=\"{&quot;_position&quot;:&quot;absolute&quot;}\" data-widget_type=\"image.default\">\n\t\t\t\t<div class=\"elementor-widget-container\">\n\t\t\t\t\t\t\t\t\t\t\t\t\t\t\t<img fetchpriority=\"high\" decoding=\"async\" width=\"3568\" height=\"171\" src=\"https:\/\/www.lidering.com\/wp-content\/uploads\/2024\/02\/forma.svg\" class=\"attachment-large size-large wp-image-12016\" alt=\"\" \/>\t\t\t\t\t\t\t\t\t\t\t\t\t\t\t<\/div>\n\t\t\t\t<\/div>\n\t\t\t\t<div class=\"elementor-element elementor-element-cd1f2ac elementor-widget elementor-widget-heading\" data-id=\"cd1f2ac\" data-element_type=\"widget\" data-e-type=\"widget\" data-widget_type=\"heading.default\">\n\t\t\t\t<div class=\"elementor-widget-container\">\n\t\t\t\t\t<h1 class=\"elementor-heading-title elementor-size-default\">Garantie des produits<\/h1>\t\t\t\t<\/div>\n\t\t\t\t<\/div>\n\t\t\t\t<\/div>\n\t\t<div class=\"elementor-element elementor-element-81ebf2e e-flex e-con-boxed e-con e-parent\" data-id=\"81ebf2e\" data-element_type=\"container\" data-e-type=\"container\">\n\t\t\t\t\t<div class=\"e-con-inner\">\n\t\t<div class=\"elementor-element elementor-element-c27f8a1 e-con-full e-flex e-con e-child\" data-id=\"c27f8a1\" data-element_type=\"container\" data-e-type=\"container\">\n\t\t\t\t<div class=\"elementor-element elementor-element-9f9655b elementor-widget__width-initial elementor-widget elementor-widget-text-editor\" data-id=\"9f9655b\" data-element_type=\"widget\" data-e-type=\"widget\" data-widget_type=\"text-editor.default\">\n\t\t\t\t<div class=\"elementor-widget-container\">\n\t\t\t\t\t\t\t\t\t<ul><li><strong>a)<\/strong> Lidering propose une garantie sur ses produits dans le cadre de mat\u00e9riels d\u00e9fectueux, ou li\u00e9 \u00e0 un probl\u00e8me de fabrication dans un d\u00e9lai d&rsquo;un an \u00e0 compter de la date de r\u00e9ception de la commande par le client.<\/li><li><strong>b)<\/strong> Toute r\u00e9clamation suite \u00e0 un d\u00e9faut constat\u00e9 ou un probl\u00e8me de fabrication devra \u00eatre formul\u00e9e par \u00e9crit \u00e0 Lidering.<\/li><li><strong>c)<\/strong> La garantie indiqu\u00e9e dans le 1er alin\u00e9a consistera uniquement en une r\u00e9paration ou un remplacement de la pi\u00e8ce reconnue d\u00e9fectueuse, au choix de Lidering.<\/li><li><strong>d)<\/strong> Sauf accord contraire, les r\u00e9parations seront r\u00e9alis\u00e9es par Lidering ou par un tiers express\u00e9ment d\u00e9sign\u00e9 par Lidering.<\/li><li><strong>e)<\/strong> Les co\u00fbts de d\u00e9montage incombent exclusivement au client, ainsi que les co\u00fbts de transport. Engendr\u00e9s pour le retour des pi\u00e8ces d\u00e9fectueuses et la relivraison des pi\u00e8ces \u00e9chang\u00e9es ou r\u00e9par\u00e9es dans le cadre de la garantie.<\/li><li><strong>f)<\/strong> Restent exclus de la garantie les dommages ou d\u00e9fauts caus\u00e9s par un montage inadapt\u00e9 ou l&rsquo;utilisation des articles. De fait, ne sont pas pris en charge dans le cadre de la garantie les dommages ou d\u00e9fauts caus\u00e9s par des conditions de stockage ou de maintenance inadapt\u00e9es, usage abusif ou montage d\u00e9fectueux, modification ou alt\u00e9ration non autoris\u00e9e des pi\u00e8ces, ou en g\u00e9n\u00e9ral, toute cause qui ne saurait \u00eatre imputable \u00e0 Lidering.<\/li><li><strong>g)<\/strong> Lidering ne garantit pas la compatibilit\u00e9 des articles pour les applications clients sauf dans l&rsquo;hypoth\u00e8se qu&rsquo;un accord a \u00e9t\u00e9 convenu entre les parties suite \u00e0 consultation expresse de Lidering par le client. Le client est le seul responsable de la bonne ad\u00e9quation du mat\u00e9riel command\u00e9 avec son application et l&rsquo;usage qu&rsquo;il souhaite lui donner.<\/li><li><strong>h)<\/strong> De fait, est \u00e9galement exclue de la garantie toute responsabilit\u00e9 pour dommages ou d\u00e9t\u00e9rioration caus\u00e9 par une installation d\u00e9fectueuse de la part du client ou d&rsquo;un tiers, ou par des effets chimiques, \u00e9lectrochimiques ou \u00e9lectriques qui ne sauraient \u00eatre imputables \u00e0 Lidering. De m\u00eame, le manque \u00e0 gagner, les p\u00e9nalit\u00e9s de retards ou pertes de productions qui pourraient \u00eatre occasionn\u00e9es au client, ne pourront \u00eatre r\u00e9percut\u00e9s \u00e0 Lidering de quelque mani\u00e8re que ce soit.<\/li><\/ul>\t\t\t\t\t\t\t\t<\/div>\n\t\t\t\t<\/div>\n\t\t\t\t<\/div>\n\t\t\t\t\t<\/div>\n\t\t\t\t<\/div>\n\t\t\t\t<\/div>\n\t\t","protected":false},"excerpt":{"rendered":"<p>a) Lidering propose une garantie sur ses produits dans le cadre de mat\u00e9riels d\u00e9fectueux, ou li\u00e9 \u00e0 un probl\u00e8me de fabrication dans un d\u00e9lai d&rsquo;un an \u00e0 compter de la date de r\u00e9ception de la commande par le client. b) Toute r\u00e9clamation suite \u00e0 un d\u00e9faut constat\u00e9 ou un probl\u00e8me de fabrication devra \u00eatre formul\u00e9e&hellip;&nbsp;<\/p>\n","protected":false},"author":1,"featured_media":0,"parent":0,"menu_order":0,"comment_status":"closed","ping_status":"closed","template":"elementor_header_footer","meta":{"_acf_changed":false,"neve_meta_sidebar":"","neve_meta_container":"","neve_meta_enable_content_width":"off","neve_meta_content_width":100,"neve_meta_title_alignment":"","neve_meta_author_avatar":"","neve_post_elements_order":"","neve_meta_disable_header":"","neve_meta_disable_footer":"","neve_meta_disable_title":"","footnotes":""},"class_list":["post-12378","page","type-page","status-publish","hentry"],"acf":[],"yoast_head":"<!-- This site is optimized with the Yoast SEO plugin v27.3 - https:\/\/yoast.com\/product\/yoast-seo-wordpress\/ -->\n<title>Garantie des produits | Lidering<\/title>\n<meta name=\"robots\" content=\"noindex, follow\" \/>\n<meta property=\"og:locale\" content=\"fr_FR\" \/>\n<meta property=\"og:type\" content=\"article\" \/>\n<meta property=\"og:title\" content=\"Garantie des produits | Lidering\" \/>\n<meta property=\"og:description\" content=\"a) Lidering propose une garantie sur ses produits dans le cadre de mat\u00e9riels d\u00e9fectueux, ou li\u00e9 \u00e0 un probl\u00e8me de fabrication dans un d\u00e9lai d&rsquo;un an \u00e0 compter de la date de r\u00e9ception de la commande par le client. b) Toute r\u00e9clamation suite \u00e0 un d\u00e9faut constat\u00e9 ou un probl\u00e8me de fabrication devra \u00eatre formul\u00e9e&hellip;&nbsp;\" \/>\n<meta property=\"og:url\" content=\"https:\/\/www.lidering.com\/fr\/garantie-des-produits\/\" \/>\n<meta property=\"og:site_name\" content=\"Lidering\" \/>\n<meta property=\"article:modified_time\" content=\"2024-06-05T10:28:15+00:00\" \/>\n<meta property=\"og:image\" content=\"https:\/\/www.lidering.com\/wp-content\/uploads\/2024\/02\/forma.svg\" \/>\n<meta name=\"twitter:card\" content=\"summary_large_image\" \/>\n<meta name=\"twitter:label1\" content=\"Dur\u00e9e de lecture estim\u00e9e\" \/>\n\t<meta name=\"twitter:data1\" content=\"2 minutes\" \/>\n<script type=\"application\/ld+json\" class=\"yoast-schema-graph\">{\"@context\":\"https:\\\/\\\/schema.org\",\"@graph\":[{\"@type\":\"WebPage\",\"@id\":\"https:\\\/\\\/www.lidering.com\\\/fr\\\/garantie-des-produits\\\/\",\"url\":\"https:\\\/\\\/www.lidering.com\\\/fr\\\/garantie-des-produits\\\/\",\"name\":\"Garantie des produits | Lidering\",\"isPartOf\":{\"@id\":\"https:\\\/\\\/www.lidering.com\\\/fr\\\/#website\"},\"primaryImageOfPage\":{\"@id\":\"https:\\\/\\\/www.lidering.com\\\/fr\\\/garantie-des-produits\\\/#primaryimage\"},\"image\":{\"@id\":\"https:\\\/\\\/www.lidering.com\\\/fr\\\/garantie-des-produits\\\/#primaryimage\"},\"thumbnailUrl\":\"https:\\\/\\\/www.lidering.com\\\/wp-content\\\/uploads\\\/2024\\\/02\\\/forma.svg\",\"datePublished\":\"2024-05-28T13:40:14+00:00\",\"dateModified\":\"2024-06-05T10:28:15+00:00\",\"breadcrumb\":{\"@id\":\"https:\\\/\\\/www.lidering.com\\\/fr\\\/garantie-des-produits\\\/#breadcrumb\"},\"inLanguage\":\"fr-FR\",\"potentialAction\":[{\"@type\":\"ReadAction\",\"target\":[\"https:\\\/\\\/www.lidering.com\\\/fr\\\/garantie-des-produits\\\/\"]}]},{\"@type\":\"ImageObject\",\"inLanguage\":\"fr-FR\",\"@id\":\"https:\\\/\\\/www.lidering.com\\\/fr\\\/garantie-des-produits\\\/#primaryimage\",\"url\":\"https:\\\/\\\/www.lidering.com\\\/wp-content\\\/uploads\\\/2024\\\/02\\\/forma.svg\",\"contentUrl\":\"https:\\\/\\\/www.lidering.com\\\/wp-content\\\/uploads\\\/2024\\\/02\\\/forma.svg\"},{\"@type\":\"BreadcrumbList\",\"@id\":\"https:\\\/\\\/www.lidering.com\\\/fr\\\/garantie-des-produits\\\/#breadcrumb\",\"itemListElement\":[{\"@type\":\"ListItem\",\"position\":1,\"name\":\"Portada\",\"item\":\"https:\\\/\\\/www.lidering.com\\\/fr\\\/\"},{\"@type\":\"ListItem\",\"position\":2,\"name\":\"Garantie des produits\"}]},{\"@type\":\"WebSite\",\"@id\":\"https:\\\/\\\/www.lidering.com\\\/fr\\\/#website\",\"url\":\"https:\\\/\\\/www.lidering.com\\\/fr\\\/\",\"name\":\"Lidering\",\"description\":\"Expertos en sellos mec\u00e1nicos\",\"publisher\":{\"@id\":\"https:\\\/\\\/www.lidering.com\\\/fr\\\/#organization\"},\"alternateName\":\"Lidering\",\"potentialAction\":[{\"@type\":\"SearchAction\",\"target\":{\"@type\":\"EntryPoint\",\"urlTemplate\":\"https:\\\/\\\/www.lidering.com\\\/fr\\\/?s={search_term_string}\"},\"query-input\":{\"@type\":\"PropertyValueSpecification\",\"valueRequired\":true,\"valueName\":\"search_term_string\"}}],\"inLanguage\":\"fr-FR\"},{\"@type\":\"Organization\",\"@id\":\"https:\\\/\\\/www.lidering.com\\\/fr\\\/#organization\",\"name\":\"Lidering\",\"alternateName\":\"Lidering\",\"url\":\"https:\\\/\\\/www.lidering.com\\\/fr\\\/\",\"logo\":{\"@type\":\"ImageObject\",\"inLanguage\":\"fr-FR\",\"@id\":\"https:\\\/\\\/www.lidering.com\\\/fr\\\/#\\\/schema\\\/logo\\\/image\\\/\",\"url\":\"https:\\\/\\\/www.lidering.com\\\/wp-content\\\/uploads\\\/2026\\\/01\\\/favicon.png\",\"contentUrl\":\"https:\\\/\\\/www.lidering.com\\\/wp-content\\\/uploads\\\/2026\\\/01\\\/favicon.png\",\"width\":512,\"height\":512,\"caption\":\"Lidering\"},\"image\":{\"@id\":\"https:\\\/\\\/www.lidering.com\\\/fr\\\/#\\\/schema\\\/logo\\\/image\\\/\"}}]}<\/script>\n<!-- \/ Yoast SEO plugin. -->","yoast_head_json":{"title":"Garantie des produits | Lidering","robots":{"index":"noindex","follow":"follow"},"og_locale":"fr_FR","og_type":"article","og_title":"Garantie des produits | Lidering","og_description":"a) Lidering propose une garantie sur ses produits dans le cadre de mat\u00e9riels d\u00e9fectueux, ou li\u00e9 \u00e0 un probl\u00e8me de fabrication dans un d\u00e9lai d&rsquo;un an \u00e0 compter de la date de r\u00e9ception de la commande par le client. b) Toute r\u00e9clamation suite \u00e0 un d\u00e9faut constat\u00e9 ou un probl\u00e8me de fabrication devra \u00eatre formul\u00e9e&hellip;&nbsp;","og_url":"https:\/\/www.lidering.com\/fr\/garantie-des-produits\/","og_site_name":"Lidering","article_modified_time":"2024-06-05T10:28:15+00:00","og_image":[{"url":"https:\/\/www.lidering.com\/wp-content\/uploads\/2024\/02\/forma.svg","type":"","width":"","height":""}],"twitter_card":"summary_large_image","twitter_misc":{"Dur\u00e9e de lecture estim\u00e9e":"2 minutes"},"schema":{"@context":"https:\/\/schema.org","@graph":[{"@type":"WebPage","@id":"https:\/\/www.lidering.com\/fr\/garantie-des-produits\/","url":"https:\/\/www.lidering.com\/fr\/garantie-des-produits\/","name":"Garantie des produits | Lidering","isPartOf":{"@id":"https:\/\/www.lidering.com\/fr\/#website"},"primaryImageOfPage":{"@id":"https:\/\/www.lidering.com\/fr\/garantie-des-produits\/#primaryimage"},"image":{"@id":"https:\/\/www.lidering.com\/fr\/garantie-des-produits\/#primaryimage"},"thumbnailUrl":"https:\/\/www.lidering.com\/wp-content\/uploads\/2024\/02\/forma.svg","datePublished":"2024-05-28T13:40:14+00:00","dateModified":"2024-06-05T10:28:15+00:00","breadcrumb":{"@id":"https:\/\/www.lidering.com\/fr\/garantie-des-produits\/#breadcrumb"},"inLanguage":"fr-FR","potentialAction":[{"@type":"ReadAction","target":["https:\/\/www.lidering.com\/fr\/garantie-des-produits\/"]}]},{"@type":"ImageObject","inLanguage":"fr-FR","@id":"https:\/\/www.lidering.com\/fr\/garantie-des-produits\/#primaryimage","url":"https:\/\/www.lidering.com\/wp-content\/uploads\/2024\/02\/forma.svg","contentUrl":"https:\/\/www.lidering.com\/wp-content\/uploads\/2024\/02\/forma.svg"},{"@type":"BreadcrumbList","@id":"https:\/\/www.lidering.com\/fr\/garantie-des-produits\/#breadcrumb","itemListElement":[{"@type":"ListItem","position":1,"name":"Portada","item":"https:\/\/www.lidering.com\/fr\/"},{"@type":"ListItem","position":2,"name":"Garantie des produits"}]},{"@type":"WebSite","@id":"https:\/\/www.lidering.com\/fr\/#website","url":"https:\/\/www.lidering.com\/fr\/","name":"Lidering","description":"Expertos en sellos mec\u00e1nicos","publisher":{"@id":"https:\/\/www.lidering.com\/fr\/#organization"},"alternateName":"Lidering","potentialAction":[{"@type":"SearchAction","target":{"@type":"EntryPoint","urlTemplate":"https:\/\/www.lidering.com\/fr\/?s={search_term_string}"},"query-input":{"@type":"PropertyValueSpecification","valueRequired":true,"valueName":"search_term_string"}}],"inLanguage":"fr-FR"},{"@type":"Organization","@id":"https:\/\/www.lidering.com\/fr\/#organization","name":"Lidering","alternateName":"Lidering","url":"https:\/\/www.lidering.com\/fr\/","logo":{"@type":"ImageObject","inLanguage":"fr-FR","@id":"https:\/\/www.lidering.com\/fr\/#\/schema\/logo\/image\/","url":"https:\/\/www.lidering.com\/wp-content\/uploads\/2026\/01\/favicon.png","contentUrl":"https:\/\/www.lidering.com\/wp-content\/uploads\/2026\/01\/favicon.png","width":512,"height":512,"caption":"Lidering"},"image":{"@id":"https:\/\/www.lidering.com\/fr\/#\/schema\/logo\/image\/"}}]}},"_links":{"self":[{"href":"https:\/\/www.lidering.com\/fr\/wp-json\/wp\/v2\/pages\/12378","targetHints":{"allow":["GET"]}}],"collection":[{"href":"https:\/\/www.lidering.com\/fr\/wp-json\/wp\/v2\/pages"}],"about":[{"href":"https:\/\/www.lidering.com\/fr\/wp-json\/wp\/v2\/types\/page"}],"author":[{"embeddable":true,"href":"https:\/\/www.lidering.com\/fr\/wp-json\/wp\/v2\/users\/1"}],"replies":[{"embeddable":true,"href":"https:\/\/www.lidering.com\/fr\/wp-json\/wp\/v2\/comments?post=12378"}],"version-history":[{"count":4,"href":"https:\/\/www.lidering.com\/fr\/wp-json\/wp\/v2\/pages\/12378\/revisions"}],"predecessor-version":[{"id":12382,"href":"https:\/\/www.lidering.com\/fr\/wp-json\/wp\/v2\/pages\/12378\/revisions\/12382"}],"wp:attachment":[{"href":"https:\/\/www.lidering.com\/fr\/wp-json\/wp\/v2\/media?parent=12378"}],"curies":[{"name":"wp","href":"https:\/\/api.w.org\/{rel}","templated":true}]}}