{"id":12338,"date":"2024-05-28T15:39:27","date_gmt":"2024-05-28T13:39:27","guid":{"rendered":"https:\/\/www.lidering.com\/general-sale-conditions\/"},"modified":"2024-06-05T12:12:36","modified_gmt":"2024-06-05T10:12:36","slug":"conditions-generales-de-vente","status":"publish","type":"page","link":"https:\/\/www.lidering.com\/fr\/conditions-generales-de-vente\/","title":{"rendered":"Conditions g\u00e9n\u00e9rales de vente"},"content":{"rendered":"\t\t<div data-elementor-type=\"wp-page\" data-elementor-id=\"12338\" class=\"elementor elementor-12338 elementor-6521\" data-elementor-post-type=\"page\">\n\t\t\t\t<div class=\"elementor-element elementor-element-3513d82 e-con-full animated-slow e-flex elementor-invisible e-con e-parent\" data-id=\"3513d82\" data-element_type=\"container\" data-e-type=\"container\" data-settings=\"{&quot;background_background&quot;:&quot;classic&quot;,&quot;animation&quot;:&quot;fadeIn&quot;,&quot;animation_delay&quot;:600}\">\n\t\t\t\t<div class=\"elementor-element elementor-element-f90abd7 elementor-widget__width-initial elementor-absolute elementor-widget elementor-widget-image\" data-id=\"f90abd7\" data-element_type=\"widget\" data-e-type=\"widget\" data-settings=\"{&quot;_position&quot;:&quot;absolute&quot;}\" data-widget_type=\"image.default\">\n\t\t\t\t<div class=\"elementor-widget-container\">\n\t\t\t\t\t\t\t\t\t\t\t\t\t\t\t<img fetchpriority=\"high\" decoding=\"async\" width=\"3568\" height=\"171\" src=\"https:\/\/www.lidering.com\/wp-content\/uploads\/2024\/02\/forma.svg\" class=\"attachment-large size-large wp-image-12016\" alt=\"\" \/>\t\t\t\t\t\t\t\t\t\t\t\t\t\t\t<\/div>\n\t\t\t\t<\/div>\n\t\t\t\t<div class=\"elementor-element elementor-element-a35cbad elementor-widget elementor-widget-heading\" data-id=\"a35cbad\" data-element_type=\"widget\" data-e-type=\"widget\" data-widget_type=\"heading.default\">\n\t\t\t\t<div class=\"elementor-widget-container\">\n\t\t\t\t\t<h1 class=\"elementor-heading-title elementor-size-default\">Conditions g\u00e9n\u00e9rales de vente<\/h1>\t\t\t\t<\/div>\n\t\t\t\t<\/div>\n\t\t\t\t<\/div>\n\t\t<div class=\"elementor-element elementor-element-f987db3 e-flex e-con-boxed e-con e-parent\" data-id=\"f987db3\" data-element_type=\"container\" data-e-type=\"container\">\n\t\t\t\t\t<div class=\"e-con-inner\">\n\t\t<div class=\"elementor-element elementor-element-dd16add e-con-full e-flex e-con e-child\" data-id=\"dd16add\" data-element_type=\"container\" data-e-type=\"container\">\n\t\t\t\t<div class=\"elementor-element elementor-element-4a5542d elementor-widget__width-initial elementor-widget elementor-widget-text-editor\" data-id=\"4a5542d\" data-element_type=\"widget\" data-e-type=\"widget\" data-widget_type=\"text-editor.default\">\n\t\t\t\t<div class=\"elementor-widget-container\">\n\t\t\t\t\t\t\t\t\t<ul><li><strong>1.- G\u00e9n\u00e9ralit\u00e9s:<\/strong> Tous les contrats de vente avec LIDERING sont r\u00e9gis par les conditions g\u00e9n\u00e9rales de vente ci-dessous, qui ne pourront \u00eatre modifi\u00e9es sans accord pr\u00e9alable et par accord \u00e9crit de LIDERING.<\/li><li><strong>2.- Commandes:<\/strong> Les commandes faites par nos clients soit directement, soit par l\u2019interm\u00e9diaire de nos repr\u00e9sentants n\u2019engagent LIDERING en aucune fa\u00e7on jusqu\u2019\u00e0 leur confirmation par \u00e9crit. Le minimum de commande est fix\u00e9 \u00e0 100 \u20ac HT, sauf accord pr\u00e9alable entre les 2 parties.<\/li><li><strong>3.- Livraison:<\/strong> Les d\u00e9lais de livraison sont approximatifs. Le client accepte les livraisons partielles selon la disponibilit\u00e9 des produits ou les contraintes d\u2019approvisionnement des stocks. LIDERING pourra suspendre la livraison en cas de circonstances impr\u00e9vues, et se r\u00e9serve le droit de livrer les commandes qui correspondent \u00e0 des unit\u00e9s multiples, et de livrer plus ou moins 10% des quantit\u00e9s de chaque commande suivant le stock. Si le client paye en retard ou cesse son activit\u00e9, LIDERING pourra annuler les commandes en cours, bloquer le compte et la livraison.<\/li><li><strong>4.- Transport:<\/strong> Toutes les marchandises sont livr\u00e9es ports dus, et voyagent pour le compte et sous la responsabilit\u00e9 du client. Les dommages \u00e9ventuels pendant le transport sont \u00e0 la charge du client, qui lors de la r\u00e9ception devra inscrire tout d\u00e9faut externe ou visible sur le bon de livraison. Les produits livr\u00e9s au client dans les locaux de LIDERING devront \u00eatre r\u00e9cup\u00e9r\u00e9s dans les 7 jours qui suivent leur mise \u00e0 disposition. LIDERING pourra ajouter les frais de stockage, s\u2019ils ne sont pas recueillis dans le d\u00e9lai \u00e9tabli. Si le client ne vient pas chercher les produits avant 30 jours LIDERING pourra exiger la r\u00e9cup\u00e9ration des pi\u00e8ces ou annuler la commande.<\/li><li><strong>5.- Prix:<\/strong> Les montants des prix sont nets (hors imp\u00f4ts, transport, certificats de qualit\u00e9 ou autres).<\/li><li><strong>6.- Facturation:<\/strong> Sauf accord contraire, LIDERING \u00e9mettra une facture pour chaque commande, dans les 15 jours qui suivent le bon de livraison. Les montants des factures ne peuvent \u00eatre n\u00e9goci\u00e9s, ni revus \u00e0 la baisse, sauf en cas d\u2019accord avec le client.<\/li><li><strong>7.- Paiement:<\/strong> Les commandes d\u2019un montant inf\u00e9rieur \u00e0 100 \u20ac seront pay\u00e9es au comptant, par ch\u00e8que, esp\u00e8ces ou virement bancaire. Les paiements \u00e0 partir de 100 \u20ac pourront se faire, par virement bancaire sur le compte de LIDERING, ou par ch\u00e8que, et seront exig\u00e9s \u00e0 30 jours \u00e0 compter de la date d\u2019\u00e9mission de la facture. Toutes les p\u00e9nalit\u00e9s bancaires pour faute de paiement seront \u00e0 la charge du client.<\/li><li><strong>8.- Retours:<\/strong> LIDERING n\u2019accepte pas les retours d\u2019articles fabriqu\u00e9s sur mesure. Seuls les articles standards ne pourront \u00eatre repris sous r\u00e9serve de contr\u00f4le qualit\u00e9 favorable et sous r\u00e9serve que les conditions g\u00e9n\u00e9rales de ventes soient respect\u00e9es. LIDERING se r\u00e9serve le droit de refuser un retour de pi\u00e8ce si leur mauvais \u00e9tat est d\u00fb \u00e0 des d\u00e9fauts de stockage, de conservation, transport ou manipulation. Les retours de fabrications sp\u00e9ciales, d\u2019articles m\u00e9canis\u00e9s ou de produits non standards ne seront admis en aucun cas.<\/li><li><strong>9.- Responsabilit\u00e9:<\/strong> Toute r\u00e9clamation devra \u00eatre faite par \u00e9crit \u00e0 l\u2019attention de LIDERING, dans les 30 jours qui suivent la livraison du produit, et pour qu\u2019elle soit admise, elle devra \u00eatre conforme aux exigences de son service technique et de contr\u00f4le qualit\u00e9. La garantie pour les d\u00e9fauts de fabrication se limite \u00e0 la substitution du produit d\u00e9fectueux par un produit similaire. Les risques qui affectent les produits sont transf\u00e9r\u00e9s au client lors de la livraison, bien qu\u2019il n\u2019en ait la pleine propri\u00e9t\u00e9 qu\u2019au paiement total du prix. Le contenu des catalogues de LIDERING (sp\u00e9cificit\u00e9s techniques, sch\u00e9mas, designs, etc.) est informatif, et ne peut donner lieu \u00e0 un engagement ou \u00e0 un contrat avec le client.<\/li><li><strong>10.- Annulation :<\/strong> Si le client ne paye pas ses factures LIDERING, ou ne respecte pas les conditions de vente, LIDERING pourra, sur communication pr\u00e9alable de 3 jours et par \u00e9crit, exiger le paiement des sommes dues, plus les int\u00e9r\u00eats de retard et les frais bancaires et administratifs, ou bien annuler sa commande et demander la restitution des marchandises (les frais de transports \u00e9tant \u00e0 la charge du client, plus les dommages et int\u00e9r\u00eats).<\/li><li><strong>11.- Comp\u00e9tence juridique :<\/strong> Toute controverse quant \u00e0 l\u2019application des conditions sera soumise aux juridictions comp\u00e9tentes en l\u2019esp\u00e8ce, les Cours et Tribunaux de la Ville de Lyon (France).<\/li><\/ul>\t\t\t\t\t\t\t\t<\/div>\n\t\t\t\t<\/div>\n\t\t\t\t<\/div>\n\t\t\t\t\t<\/div>\n\t\t\t\t<\/div>\n\t\t\t\t<\/div>\n\t\t","protected":false},"excerpt":{"rendered":"<p>1.- G\u00e9n\u00e9ralit\u00e9s: Tous les contrats de vente avec LIDERING sont r\u00e9gis par les conditions g\u00e9n\u00e9rales de vente ci-dessous, qui ne pourront \u00eatre modifi\u00e9es sans accord pr\u00e9alable et par accord \u00e9crit de LIDERING. 2.- Commandes: Les commandes faites par nos clients soit directement, soit par l\u2019interm\u00e9diaire de nos repr\u00e9sentants n\u2019engagent LIDERING en aucune fa\u00e7on jusqu\u2019\u00e0 leur&hellip;&nbsp;<\/p>\n","protected":false},"author":1,"featured_media":0,"parent":0,"menu_order":0,"comment_status":"closed","ping_status":"closed","template":"elementor_header_footer","meta":{"_acf_changed":false,"neve_meta_sidebar":"","neve_meta_container":"","neve_meta_enable_content_width":"off","neve_meta_content_width":100,"neve_meta_title_alignment":"","neve_meta_author_avatar":"","neve_post_elements_order":"","neve_meta_disable_header":"","neve_meta_disable_footer":"","neve_meta_disable_title":"","footnotes":""},"class_list":["post-12338","page","type-page","status-publish","hentry"],"acf":[],"yoast_head":"<!-- This site is optimized with the Yoast SEO plugin v27.3 - https:\/\/yoast.com\/product\/yoast-seo-wordpress\/ -->\n<title>Conditions g\u00e9n\u00e9rales de vente | Lidering<\/title>\n<meta name=\"robots\" content=\"noindex, follow\" \/>\n<meta property=\"og:locale\" content=\"fr_FR\" \/>\n<meta property=\"og:type\" content=\"article\" \/>\n<meta property=\"og:title\" content=\"Conditions g\u00e9n\u00e9rales de vente | Lidering\" \/>\n<meta property=\"og:description\" content=\"1.- G\u00e9n\u00e9ralit\u00e9s: Tous les contrats de vente avec LIDERING sont r\u00e9gis par les conditions g\u00e9n\u00e9rales de vente ci-dessous, qui ne pourront \u00eatre modifi\u00e9es sans accord pr\u00e9alable et par accord \u00e9crit de LIDERING. 2.- Commandes: Les commandes faites par nos clients soit directement, soit par l\u2019interm\u00e9diaire de nos repr\u00e9sentants n\u2019engagent LIDERING en aucune fa\u00e7on jusqu\u2019\u00e0 leur&hellip;&nbsp;\" \/>\n<meta property=\"og:url\" content=\"https:\/\/www.lidering.com\/fr\/conditions-generales-de-vente\/\" \/>\n<meta property=\"og:site_name\" content=\"Lidering\" \/>\n<meta property=\"article:modified_time\" content=\"2024-06-05T10:12:36+00:00\" \/>\n<meta property=\"og:image\" content=\"https:\/\/www.lidering.com\/wp-content\/uploads\/2024\/02\/forma.svg\" \/>\n<meta name=\"twitter:card\" content=\"summary_large_image\" \/>\n<meta name=\"twitter:label1\" content=\"Dur\u00e9e de lecture estim\u00e9e\" \/>\n\t<meta name=\"twitter:data1\" content=\"4 minutes\" \/>\n<script type=\"application\/ld+json\" class=\"yoast-schema-graph\">{\"@context\":\"https:\\\/\\\/schema.org\",\"@graph\":[{\"@type\":\"WebPage\",\"@id\":\"https:\\\/\\\/www.lidering.com\\\/fr\\\/conditions-generales-de-vente\\\/\",\"url\":\"https:\\\/\\\/www.lidering.com\\\/fr\\\/conditions-generales-de-vente\\\/\",\"name\":\"Conditions g\u00e9n\u00e9rales de vente | Lidering\",\"isPartOf\":{\"@id\":\"https:\\\/\\\/www.lidering.com\\\/fr\\\/#website\"},\"primaryImageOfPage\":{\"@id\":\"https:\\\/\\\/www.lidering.com\\\/fr\\\/conditions-generales-de-vente\\\/#primaryimage\"},\"image\":{\"@id\":\"https:\\\/\\\/www.lidering.com\\\/fr\\\/conditions-generales-de-vente\\\/#primaryimage\"},\"thumbnailUrl\":\"https:\\\/\\\/www.lidering.com\\\/wp-content\\\/uploads\\\/2024\\\/02\\\/forma.svg\",\"datePublished\":\"2024-05-28T13:39:27+00:00\",\"dateModified\":\"2024-06-05T10:12:36+00:00\",\"breadcrumb\":{\"@id\":\"https:\\\/\\\/www.lidering.com\\\/fr\\\/conditions-generales-de-vente\\\/#breadcrumb\"},\"inLanguage\":\"fr-FR\",\"potentialAction\":[{\"@type\":\"ReadAction\",\"target\":[\"https:\\\/\\\/www.lidering.com\\\/fr\\\/conditions-generales-de-vente\\\/\"]}]},{\"@type\":\"ImageObject\",\"inLanguage\":\"fr-FR\",\"@id\":\"https:\\\/\\\/www.lidering.com\\\/fr\\\/conditions-generales-de-vente\\\/#primaryimage\",\"url\":\"https:\\\/\\\/www.lidering.com\\\/wp-content\\\/uploads\\\/2024\\\/02\\\/forma.svg\",\"contentUrl\":\"https:\\\/\\\/www.lidering.com\\\/wp-content\\\/uploads\\\/2024\\\/02\\\/forma.svg\"},{\"@type\":\"BreadcrumbList\",\"@id\":\"https:\\\/\\\/www.lidering.com\\\/fr\\\/conditions-generales-de-vente\\\/#breadcrumb\",\"itemListElement\":[{\"@type\":\"ListItem\",\"position\":1,\"name\":\"Portada\",\"item\":\"https:\\\/\\\/www.lidering.com\\\/fr\\\/\"},{\"@type\":\"ListItem\",\"position\":2,\"name\":\"Conditions g\u00e9n\u00e9rales de vente\"}]},{\"@type\":\"WebSite\",\"@id\":\"https:\\\/\\\/www.lidering.com\\\/fr\\\/#website\",\"url\":\"https:\\\/\\\/www.lidering.com\\\/fr\\\/\",\"name\":\"Lidering\",\"description\":\"Expertos en sellos mec\u00e1nicos\",\"publisher\":{\"@id\":\"https:\\\/\\\/www.lidering.com\\\/fr\\\/#organization\"},\"alternateName\":\"Lidering\",\"potentialAction\":[{\"@type\":\"SearchAction\",\"target\":{\"@type\":\"EntryPoint\",\"urlTemplate\":\"https:\\\/\\\/www.lidering.com\\\/fr\\\/?s={search_term_string}\"},\"query-input\":{\"@type\":\"PropertyValueSpecification\",\"valueRequired\":true,\"valueName\":\"search_term_string\"}}],\"inLanguage\":\"fr-FR\"},{\"@type\":\"Organization\",\"@id\":\"https:\\\/\\\/www.lidering.com\\\/fr\\\/#organization\",\"name\":\"Lidering\",\"alternateName\":\"Lidering\",\"url\":\"https:\\\/\\\/www.lidering.com\\\/fr\\\/\",\"logo\":{\"@type\":\"ImageObject\",\"inLanguage\":\"fr-FR\",\"@id\":\"https:\\\/\\\/www.lidering.com\\\/fr\\\/#\\\/schema\\\/logo\\\/image\\\/\",\"url\":\"https:\\\/\\\/www.lidering.com\\\/wp-content\\\/uploads\\\/2026\\\/01\\\/favicon.png\",\"contentUrl\":\"https:\\\/\\\/www.lidering.com\\\/wp-content\\\/uploads\\\/2026\\\/01\\\/favicon.png\",\"width\":512,\"height\":512,\"caption\":\"Lidering\"},\"image\":{\"@id\":\"https:\\\/\\\/www.lidering.com\\\/fr\\\/#\\\/schema\\\/logo\\\/image\\\/\"}}]}<\/script>\n<!-- \/ Yoast SEO plugin. -->","yoast_head_json":{"title":"Conditions g\u00e9n\u00e9rales de vente | Lidering","robots":{"index":"noindex","follow":"follow"},"og_locale":"fr_FR","og_type":"article","og_title":"Conditions g\u00e9n\u00e9rales de vente | Lidering","og_description":"1.- G\u00e9n\u00e9ralit\u00e9s: Tous les contrats de vente avec LIDERING sont r\u00e9gis par les conditions g\u00e9n\u00e9rales de vente ci-dessous, qui ne pourront \u00eatre modifi\u00e9es sans accord pr\u00e9alable et par accord \u00e9crit de LIDERING. 2.- Commandes: Les commandes faites par nos clients soit directement, soit par l\u2019interm\u00e9diaire de nos repr\u00e9sentants n\u2019engagent LIDERING en aucune fa\u00e7on jusqu\u2019\u00e0 leur&hellip;&nbsp;","og_url":"https:\/\/www.lidering.com\/fr\/conditions-generales-de-vente\/","og_site_name":"Lidering","article_modified_time":"2024-06-05T10:12:36+00:00","og_image":[{"url":"https:\/\/www.lidering.com\/wp-content\/uploads\/2024\/02\/forma.svg","type":"","width":"","height":""}],"twitter_card":"summary_large_image","twitter_misc":{"Dur\u00e9e de lecture estim\u00e9e":"4 minutes"},"schema":{"@context":"https:\/\/schema.org","@graph":[{"@type":"WebPage","@id":"https:\/\/www.lidering.com\/fr\/conditions-generales-de-vente\/","url":"https:\/\/www.lidering.com\/fr\/conditions-generales-de-vente\/","name":"Conditions g\u00e9n\u00e9rales de vente | Lidering","isPartOf":{"@id":"https:\/\/www.lidering.com\/fr\/#website"},"primaryImageOfPage":{"@id":"https:\/\/www.lidering.com\/fr\/conditions-generales-de-vente\/#primaryimage"},"image":{"@id":"https:\/\/www.lidering.com\/fr\/conditions-generales-de-vente\/#primaryimage"},"thumbnailUrl":"https:\/\/www.lidering.com\/wp-content\/uploads\/2024\/02\/forma.svg","datePublished":"2024-05-28T13:39:27+00:00","dateModified":"2024-06-05T10:12:36+00:00","breadcrumb":{"@id":"https:\/\/www.lidering.com\/fr\/conditions-generales-de-vente\/#breadcrumb"},"inLanguage":"fr-FR","potentialAction":[{"@type":"ReadAction","target":["https:\/\/www.lidering.com\/fr\/conditions-generales-de-vente\/"]}]},{"@type":"ImageObject","inLanguage":"fr-FR","@id":"https:\/\/www.lidering.com\/fr\/conditions-generales-de-vente\/#primaryimage","url":"https:\/\/www.lidering.com\/wp-content\/uploads\/2024\/02\/forma.svg","contentUrl":"https:\/\/www.lidering.com\/wp-content\/uploads\/2024\/02\/forma.svg"},{"@type":"BreadcrumbList","@id":"https:\/\/www.lidering.com\/fr\/conditions-generales-de-vente\/#breadcrumb","itemListElement":[{"@type":"ListItem","position":1,"name":"Portada","item":"https:\/\/www.lidering.com\/fr\/"},{"@type":"ListItem","position":2,"name":"Conditions g\u00e9n\u00e9rales de vente"}]},{"@type":"WebSite","@id":"https:\/\/www.lidering.com\/fr\/#website","url":"https:\/\/www.lidering.com\/fr\/","name":"Lidering","description":"Expertos en sellos mec\u00e1nicos","publisher":{"@id":"https:\/\/www.lidering.com\/fr\/#organization"},"alternateName":"Lidering","potentialAction":[{"@type":"SearchAction","target":{"@type":"EntryPoint","urlTemplate":"https:\/\/www.lidering.com\/fr\/?s={search_term_string}"},"query-input":{"@type":"PropertyValueSpecification","valueRequired":true,"valueName":"search_term_string"}}],"inLanguage":"fr-FR"},{"@type":"Organization","@id":"https:\/\/www.lidering.com\/fr\/#organization","name":"Lidering","alternateName":"Lidering","url":"https:\/\/www.lidering.com\/fr\/","logo":{"@type":"ImageObject","inLanguage":"fr-FR","@id":"https:\/\/www.lidering.com\/fr\/#\/schema\/logo\/image\/","url":"https:\/\/www.lidering.com\/wp-content\/uploads\/2026\/01\/favicon.png","contentUrl":"https:\/\/www.lidering.com\/wp-content\/uploads\/2026\/01\/favicon.png","width":512,"height":512,"caption":"Lidering"},"image":{"@id":"https:\/\/www.lidering.com\/fr\/#\/schema\/logo\/image\/"}}]}},"_links":{"self":[{"href":"https:\/\/www.lidering.com\/fr\/wp-json\/wp\/v2\/pages\/12338","targetHints":{"allow":["GET"]}}],"collection":[{"href":"https:\/\/www.lidering.com\/fr\/wp-json\/wp\/v2\/pages"}],"about":[{"href":"https:\/\/www.lidering.com\/fr\/wp-json\/wp\/v2\/types\/page"}],"author":[{"embeddable":true,"href":"https:\/\/www.lidering.com\/fr\/wp-json\/wp\/v2\/users\/1"}],"replies":[{"embeddable":true,"href":"https:\/\/www.lidering.com\/fr\/wp-json\/wp\/v2\/comments?post=12338"}],"version-history":[{"count":4,"href":"https:\/\/www.lidering.com\/fr\/wp-json\/wp\/v2\/pages\/12338\/revisions"}],"predecessor-version":[{"id":12349,"href":"https:\/\/www.lidering.com\/fr\/wp-json\/wp\/v2\/pages\/12338\/revisions\/12349"}],"wp:attachment":[{"href":"https:\/\/www.lidering.com\/fr\/wp-json\/wp\/v2\/media?parent=12338"}],"curies":[{"name":"wp","href":"https:\/\/api.w.org\/{rel}","templated":true}]}}