{"id":12200,"date":"2024-05-28T15:36:18","date_gmt":"2024-05-28T13:36:18","guid":{"rendered":"https:\/\/www.lidering.com\/legal-notice\/"},"modified":"2024-08-08T11:20:05","modified_gmt":"2024-08-08T09:20:05","slug":"avis-juridique","status":"publish","type":"page","link":"https:\/\/www.lidering.com\/fr\/avis-juridique\/","title":{"rendered":"Avis juridique"},"content":{"rendered":"\t\t<div data-elementor-type=\"wp-page\" data-elementor-id=\"12200\" class=\"elementor elementor-12200 elementor-6509\" data-elementor-post-type=\"page\">\n\t\t\t\t<div class=\"elementor-element elementor-element-cf22985 e-con-full animated-slow e-flex elementor-invisible e-con e-parent\" data-id=\"cf22985\" data-element_type=\"container\" data-e-type=\"container\" data-settings=\"{&quot;background_background&quot;:&quot;classic&quot;,&quot;animation&quot;:&quot;fadeIn&quot;,&quot;animation_delay&quot;:600}\">\n\t\t\t\t<div class=\"elementor-element elementor-element-291c417 elementor-widget__width-initial elementor-absolute elementor-widget elementor-widget-image\" data-id=\"291c417\" data-element_type=\"widget\" data-e-type=\"widget\" data-settings=\"{&quot;_position&quot;:&quot;absolute&quot;}\" data-widget_type=\"image.default\">\n\t\t\t\t<div class=\"elementor-widget-container\">\n\t\t\t\t\t\t\t\t\t\t\t\t\t\t\t<img fetchpriority=\"high\" decoding=\"async\" width=\"3568\" height=\"171\" src=\"https:\/\/www.lidering.com\/wp-content\/uploads\/2024\/02\/forma.svg\" class=\"attachment-large size-large wp-image-12016\" alt=\"\" \/>\t\t\t\t\t\t\t\t\t\t\t\t\t\t\t<\/div>\n\t\t\t\t<\/div>\n\t\t\t\t<div class=\"elementor-element elementor-element-140acbe elementor-widget elementor-widget-heading\" data-id=\"140acbe\" data-element_type=\"widget\" data-e-type=\"widget\" data-widget_type=\"heading.default\">\n\t\t\t\t<div class=\"elementor-widget-container\">\n\t\t\t\t\t<h1 class=\"elementor-heading-title elementor-size-default\">Avis juridique<\/h1>\t\t\t\t<\/div>\n\t\t\t\t<\/div>\n\t\t\t\t<\/div>\n\t\t<div class=\"elementor-element elementor-element-5704961 e-flex e-con-boxed e-con e-parent\" data-id=\"5704961\" data-element_type=\"container\" data-e-type=\"container\">\n\t\t\t\t\t<div class=\"e-con-inner\">\n\t\t<div class=\"elementor-element elementor-element-4cb9182 e-con-full e-flex e-con e-child\" data-id=\"4cb9182\" data-element_type=\"container\" data-e-type=\"container\">\n\t\t\t\t<div class=\"elementor-element elementor-element-e0422b8 elementor-widget__width-initial elementor-widget elementor-widget-text-editor\" data-id=\"e0422b8\" data-element_type=\"widget\" data-e-type=\"widget\" data-widget_type=\"text-editor.default\">\n\t\t\t\t<div class=\"elementor-widget-container\">\n\t\t\t\t\t\t\t\t\t<p style=\"text-align: justify;\">Conform\u00e9ment au devoir d&rsquo;information pr\u00e9vu par l&rsquo;article 10 de la loi 34\/2002 du 11 juillet, Services Soci\u00e9t\u00e9 de l&rsquo;Information et Commerce \u00c9lectronique (LSSICE), le propri\u00e9taire du site web, vous informe de ce qui suit :<\/p><p style=\"text-align: justify;\">Nom de l&rsquo;entreprise : LIDERING, S.A.U.<br \/>Num\u00e9ro d&rsquo;identification fiscale : A08382491<br \/>Adresse : Paseo de Ferrocarrils Paseo de Ferrocarrils Catalans, 106-108 &#8211; 08940 Cornell\u00e0 de Llobregat (Barcelona)<\/p><p style=\"text-align: justify;\">Dans les limites \u00e9tablies par la loi,\u00a0<span style=\"letter-spacing: -0.2px;\">LIDERING, S.A.U.<\/span>\u00a0n&rsquo;assume aucune responsabilit\u00e9 quant au manque de v\u00e9racit\u00e9, d&rsquo;exhaustivit\u00e9, d&rsquo;actualisation et d&rsquo;exactitude des donn\u00e9es ou des informations contenues dans ses pages Internet.<\/p><p style=\"text-align: justify;\">Les contenus et les informations n&rsquo;engagent pas\u00a0<span style=\"letter-spacing: -0.2px;\">LIDERING, S.A.U.<\/span>\u00a0et ne constituent pas non plus des opinions, des conseils ou des avis juridiques de quelque nature que ce soit, puisqu&rsquo;il s&rsquo;agit simplement d&rsquo;un service offert \u00e0 des fins d&rsquo;information et d&rsquo;information.<\/p><p style=\"text-align: justify;\">Les pages Internet de\u00a0<span style=\"letter-spacing: -0.2px;\">LIDERING, S.A.U.<\/span>\u00a0peuvent contenir des liens vers d&rsquo;autres pages de tiers que\u00a0<span style=\"letter-spacing: -0.2px;\">LIDERING, S.A.U.<\/span>\u00a0ne peut contr\u00f4ler. Par cons\u00e9quent,\u00a0<span style=\"letter-spacing: -0.2px;\">LIDERING, S.A.U.<\/span>\u00a0ne peut assumer la responsabilit\u00e9 du contenu qui peut appara\u00eetre sur les sites de tiers.<\/p><p style=\"text-align: justify;\">Les textes, images, sons, animations, logiciels et autres contenus pr\u00e9sents sur ce site sont la propri\u00e9t\u00e9 exclusive de\u00a0<span style=\"letter-spacing: -0.2px;\">LIDERING, S.A.U.<\/span>\u00a0ou de ses conc\u00e9dants. Tout acte de transmission, de distribution, de transfert, de reproduction, de stockage ou de communication publique totale ou partielle doit faire l&rsquo;objet d&rsquo;une autorisation expresse de\u00a0<span style=\"letter-spacing: -0.2px;\">LIDERING, S.A.U.<\/span><\/p><p style=\"text-align: justify;\">De m\u00eame, pour acc\u00e9der \u00e0 certains des services offerts par\u00a0<span style=\"letter-spacing: -0.2px;\">LIDERING, S.A.U.<\/span>\u00a0\u00e0 travers le site web, vous devez fournir certaines donn\u00e9es personnelles. Conform\u00e9ment aux dispositions du R\u00e8glement (UE) 2016\/679 du Parlement europ\u00e9en et du Conseil du 27 avril 2016 relatif \u00e0 la protection des personnes physiques \u00e0 l&rsquo;\u00e9gard du traitement des donn\u00e9es \u00e0 caract\u00e8re personnel et \u00e0 la libre circulation de ces donn\u00e9es, nous vous informons qu&rsquo;en remplissant ces formulaires, vos donn\u00e9es personnelles seront incluses et trait\u00e9es dans les fichiers de LIDERING S.A.U. afin de vous fournir et de vous offrir nos services ainsi que de vous informer des am\u00e9liorations apport\u00e9es au site Web. Nous vous informons \u00e9galement de la possibilit\u00e9 d&rsquo;exercer vos droits d&rsquo;acc\u00e8s, de rectification, d&rsquo;annulation et d&rsquo;opposition de vos donn\u00e9es personnelles, gratuitement, en envoyant un courrier \u00e9lectronique \u00e0 <a href=\"mailto:gdpr@lidering.com\" target=\"_blank\" rel=\"noopener\">gdpr@lidering.com<\/a> ou \u00e0 l&rsquo;adresse Paseo de Ferrocarrils Catalans, 106-108 &#8211; 08940 Cornell\u00e0 de Llobregat (Barcelone).<\/p>\t\t\t\t\t\t\t\t<\/div>\n\t\t\t\t<\/div>\n\t\t\t\t<\/div>\n\t\t\t\t\t<\/div>\n\t\t\t\t<\/div>\n\t\t\t\t<\/div>\n\t\t","protected":false},"excerpt":{"rendered":"<p>Conform\u00e9ment au devoir d&rsquo;information pr\u00e9vu par l&rsquo;article 10 de la loi 34\/2002 du 11 juillet, Services Soci\u00e9t\u00e9 de l&rsquo;Information et Commerce \u00c9lectronique (LSSICE), le propri\u00e9taire du site web, vous informe de ce qui suit : Nom de l&rsquo;entreprise : LIDERING, S.A.U.Num\u00e9ro d&rsquo;identification fiscale : A08382491Adresse : Paseo de Ferrocarrils Paseo de Ferrocarrils Catalans, 106-108 &#8211;&hellip;&nbsp;<\/p>\n","protected":false},"author":1,"featured_media":0,"parent":0,"menu_order":0,"comment_status":"closed","ping_status":"closed","template":"page-templates\/template-pagebuilder-full-width.php","meta":{"_acf_changed":false,"neve_meta_sidebar":"","neve_meta_container":"","neve_meta_enable_content_width":"off","neve_meta_content_width":100,"neve_meta_title_alignment":"","neve_meta_author_avatar":"","neve_post_elements_order":"","neve_meta_disable_header":"","neve_meta_disable_footer":"","neve_meta_disable_title":"","footnotes":""},"class_list":["post-12200","page","type-page","status-publish","hentry"],"acf":[],"yoast_head":"<!-- This site is optimized with the Yoast SEO plugin v27.4 - https:\/\/yoast.com\/product\/yoast-seo-wordpress\/ -->\n<title>Avis juridique | Lidering<\/title>\n<meta name=\"robots\" content=\"noindex, follow\" \/>\n<meta property=\"og:locale\" content=\"fr_FR\" \/>\n<meta property=\"og:type\" content=\"article\" \/>\n<meta property=\"og:title\" content=\"Avis juridique | Lidering\" \/>\n<meta property=\"og:description\" content=\"Conform\u00e9ment au devoir d&rsquo;information pr\u00e9vu par l&rsquo;article 10 de la loi 34\/2002 du 11 juillet, Services Soci\u00e9t\u00e9 de l&rsquo;Information et Commerce \u00c9lectronique (LSSICE), le propri\u00e9taire du site web, vous informe de ce qui suit : Nom de l&rsquo;entreprise : LIDERING, S.A.U.Num\u00e9ro d&rsquo;identification fiscale : A08382491Adresse : Paseo de Ferrocarrils Paseo de Ferrocarrils Catalans, 106-108 &#8211;&hellip;&nbsp;\" \/>\n<meta property=\"og:url\" content=\"https:\/\/www.lidering.com\/fr\/avis-juridique\/\" \/>\n<meta property=\"og:site_name\" content=\"Lidering\" \/>\n<meta property=\"article:modified_time\" content=\"2024-08-08T09:20:05+00:00\" \/>\n<meta property=\"og:image\" content=\"https:\/\/www.lidering.com\/wp-content\/uploads\/2024\/02\/forma.svg\" \/>\n<meta name=\"twitter:card\" content=\"summary_large_image\" \/>\n<meta name=\"twitter:label1\" content=\"Dur\u00e9e de lecture estim\u00e9e\" \/>\n\t<meta name=\"twitter:data1\" content=\"3 minutes\" \/>\n<script type=\"application\/ld+json\" class=\"yoast-schema-graph\">{\"@context\":\"https:\\\/\\\/schema.org\",\"@graph\":[{\"@type\":\"WebPage\",\"@id\":\"https:\\\/\\\/www.lidering.com\\\/fr\\\/avis-juridique\\\/\",\"url\":\"https:\\\/\\\/www.lidering.com\\\/fr\\\/avis-juridique\\\/\",\"name\":\"Avis juridique | Lidering\",\"isPartOf\":{\"@id\":\"https:\\\/\\\/www.lidering.com\\\/fr\\\/#website\"},\"primaryImageOfPage\":{\"@id\":\"https:\\\/\\\/www.lidering.com\\\/fr\\\/avis-juridique\\\/#primaryimage\"},\"image\":{\"@id\":\"https:\\\/\\\/www.lidering.com\\\/fr\\\/avis-juridique\\\/#primaryimage\"},\"thumbnailUrl\":\"https:\\\/\\\/www.lidering.com\\\/wp-content\\\/uploads\\\/2024\\\/02\\\/forma.svg\",\"datePublished\":\"2024-05-28T13:36:18+00:00\",\"dateModified\":\"2024-08-08T09:20:05+00:00\",\"breadcrumb\":{\"@id\":\"https:\\\/\\\/www.lidering.com\\\/fr\\\/avis-juridique\\\/#breadcrumb\"},\"inLanguage\":\"fr-FR\",\"potentialAction\":[{\"@type\":\"ReadAction\",\"target\":[\"https:\\\/\\\/www.lidering.com\\\/fr\\\/avis-juridique\\\/\"]}]},{\"@type\":\"ImageObject\",\"inLanguage\":\"fr-FR\",\"@id\":\"https:\\\/\\\/www.lidering.com\\\/fr\\\/avis-juridique\\\/#primaryimage\",\"url\":\"https:\\\/\\\/www.lidering.com\\\/wp-content\\\/uploads\\\/2024\\\/02\\\/forma.svg\",\"contentUrl\":\"https:\\\/\\\/www.lidering.com\\\/wp-content\\\/uploads\\\/2024\\\/02\\\/forma.svg\"},{\"@type\":\"BreadcrumbList\",\"@id\":\"https:\\\/\\\/www.lidering.com\\\/fr\\\/avis-juridique\\\/#breadcrumb\",\"itemListElement\":[{\"@type\":\"ListItem\",\"position\":1,\"name\":\"Portada\",\"item\":\"https:\\\/\\\/www.lidering.com\\\/fr\\\/\"},{\"@type\":\"ListItem\",\"position\":2,\"name\":\"Avis juridique\"}]},{\"@type\":\"WebSite\",\"@id\":\"https:\\\/\\\/www.lidering.com\\\/fr\\\/#website\",\"url\":\"https:\\\/\\\/www.lidering.com\\\/fr\\\/\",\"name\":\"Lidering\",\"description\":\"Expertos en sellos mec\u00e1nicos\",\"publisher\":{\"@id\":\"https:\\\/\\\/www.lidering.com\\\/fr\\\/#organization\"},\"alternateName\":\"Lidering\",\"potentialAction\":[{\"@type\":\"SearchAction\",\"target\":{\"@type\":\"EntryPoint\",\"urlTemplate\":\"https:\\\/\\\/www.lidering.com\\\/fr\\\/?s={search_term_string}\"},\"query-input\":{\"@type\":\"PropertyValueSpecification\",\"valueRequired\":true,\"valueName\":\"search_term_string\"}}],\"inLanguage\":\"fr-FR\"},{\"@type\":\"Organization\",\"@id\":\"https:\\\/\\\/www.lidering.com\\\/fr\\\/#organization\",\"name\":\"Lidering\",\"alternateName\":\"Lidering\",\"url\":\"https:\\\/\\\/www.lidering.com\\\/fr\\\/\",\"logo\":{\"@type\":\"ImageObject\",\"inLanguage\":\"fr-FR\",\"@id\":\"https:\\\/\\\/www.lidering.com\\\/fr\\\/#\\\/schema\\\/logo\\\/image\\\/\",\"url\":\"https:\\\/\\\/www.lidering.com\\\/wp-content\\\/uploads\\\/2026\\\/01\\\/favicon.png\",\"contentUrl\":\"https:\\\/\\\/www.lidering.com\\\/wp-content\\\/uploads\\\/2026\\\/01\\\/favicon.png\",\"width\":512,\"height\":512,\"caption\":\"Lidering\"},\"image\":{\"@id\":\"https:\\\/\\\/www.lidering.com\\\/fr\\\/#\\\/schema\\\/logo\\\/image\\\/\"}}]}<\/script>\n<!-- \/ Yoast SEO plugin. -->","yoast_head_json":{"title":"Avis juridique | Lidering","robots":{"index":"noindex","follow":"follow"},"og_locale":"fr_FR","og_type":"article","og_title":"Avis juridique | Lidering","og_description":"Conform\u00e9ment au devoir d&rsquo;information pr\u00e9vu par l&rsquo;article 10 de la loi 34\/2002 du 11 juillet, Services Soci\u00e9t\u00e9 de l&rsquo;Information et Commerce \u00c9lectronique (LSSICE), le propri\u00e9taire du site web, vous informe de ce qui suit : Nom de l&rsquo;entreprise : LIDERING, S.A.U.Num\u00e9ro d&rsquo;identification fiscale : A08382491Adresse : Paseo de Ferrocarrils Paseo de Ferrocarrils Catalans, 106-108 &#8211;&hellip;&nbsp;","og_url":"https:\/\/www.lidering.com\/fr\/avis-juridique\/","og_site_name":"Lidering","article_modified_time":"2024-08-08T09:20:05+00:00","og_image":[{"url":"https:\/\/www.lidering.com\/wp-content\/uploads\/2024\/02\/forma.svg","type":"","width":"","height":""}],"twitter_card":"summary_large_image","twitter_misc":{"Dur\u00e9e de lecture estim\u00e9e":"3 minutes"},"schema":{"@context":"https:\/\/schema.org","@graph":[{"@type":"WebPage","@id":"https:\/\/www.lidering.com\/fr\/avis-juridique\/","url":"https:\/\/www.lidering.com\/fr\/avis-juridique\/","name":"Avis juridique | Lidering","isPartOf":{"@id":"https:\/\/www.lidering.com\/fr\/#website"},"primaryImageOfPage":{"@id":"https:\/\/www.lidering.com\/fr\/avis-juridique\/#primaryimage"},"image":{"@id":"https:\/\/www.lidering.com\/fr\/avis-juridique\/#primaryimage"},"thumbnailUrl":"https:\/\/www.lidering.com\/wp-content\/uploads\/2024\/02\/forma.svg","datePublished":"2024-05-28T13:36:18+00:00","dateModified":"2024-08-08T09:20:05+00:00","breadcrumb":{"@id":"https:\/\/www.lidering.com\/fr\/avis-juridique\/#breadcrumb"},"inLanguage":"fr-FR","potentialAction":[{"@type":"ReadAction","target":["https:\/\/www.lidering.com\/fr\/avis-juridique\/"]}]},{"@type":"ImageObject","inLanguage":"fr-FR","@id":"https:\/\/www.lidering.com\/fr\/avis-juridique\/#primaryimage","url":"https:\/\/www.lidering.com\/wp-content\/uploads\/2024\/02\/forma.svg","contentUrl":"https:\/\/www.lidering.com\/wp-content\/uploads\/2024\/02\/forma.svg"},{"@type":"BreadcrumbList","@id":"https:\/\/www.lidering.com\/fr\/avis-juridique\/#breadcrumb","itemListElement":[{"@type":"ListItem","position":1,"name":"Portada","item":"https:\/\/www.lidering.com\/fr\/"},{"@type":"ListItem","position":2,"name":"Avis juridique"}]},{"@type":"WebSite","@id":"https:\/\/www.lidering.com\/fr\/#website","url":"https:\/\/www.lidering.com\/fr\/","name":"Lidering","description":"Expertos en sellos mec\u00e1nicos","publisher":{"@id":"https:\/\/www.lidering.com\/fr\/#organization"},"alternateName":"Lidering","potentialAction":[{"@type":"SearchAction","target":{"@type":"EntryPoint","urlTemplate":"https:\/\/www.lidering.com\/fr\/?s={search_term_string}"},"query-input":{"@type":"PropertyValueSpecification","valueRequired":true,"valueName":"search_term_string"}}],"inLanguage":"fr-FR"},{"@type":"Organization","@id":"https:\/\/www.lidering.com\/fr\/#organization","name":"Lidering","alternateName":"Lidering","url":"https:\/\/www.lidering.com\/fr\/","logo":{"@type":"ImageObject","inLanguage":"fr-FR","@id":"https:\/\/www.lidering.com\/fr\/#\/schema\/logo\/image\/","url":"https:\/\/www.lidering.com\/wp-content\/uploads\/2026\/01\/favicon.png","contentUrl":"https:\/\/www.lidering.com\/wp-content\/uploads\/2026\/01\/favicon.png","width":512,"height":512,"caption":"Lidering"},"image":{"@id":"https:\/\/www.lidering.com\/fr\/#\/schema\/logo\/image\/"}}]}},"_links":{"self":[{"href":"https:\/\/www.lidering.com\/fr\/wp-json\/wp\/v2\/pages\/12200","targetHints":{"allow":["GET"]}}],"collection":[{"href":"https:\/\/www.lidering.com\/fr\/wp-json\/wp\/v2\/pages"}],"about":[{"href":"https:\/\/www.lidering.com\/fr\/wp-json\/wp\/v2\/types\/page"}],"author":[{"embeddable":true,"href":"https:\/\/www.lidering.com\/fr\/wp-json\/wp\/v2\/users\/1"}],"replies":[{"embeddable":true,"href":"https:\/\/www.lidering.com\/fr\/wp-json\/wp\/v2\/comments?post=12200"}],"version-history":[{"count":13,"href":"https:\/\/www.lidering.com\/fr\/wp-json\/wp\/v2\/pages\/12200\/revisions"}],"predecessor-version":[{"id":15393,"href":"https:\/\/www.lidering.com\/fr\/wp-json\/wp\/v2\/pages\/12200\/revisions\/15393"}],"wp:attachment":[{"href":"https:\/\/www.lidering.com\/fr\/wp-json\/wp\/v2\/media?parent=12200"}],"curies":[{"name":"wp","href":"https:\/\/api.w.org\/{rel}","templated":true}]}}