{"id":12384,"date":"2024-05-28T15:40:14","date_gmt":"2024-05-28T13:40:14","guid":{"rendered":"https:\/\/www.lidering.com\/garantie-des-produits\/"},"modified":"2024-06-05T12:29:54","modified_gmt":"2024-06-05T10:29:54","slug":"produktgarantie","status":"publish","type":"page","link":"https:\/\/www.lidering.com\/de\/produktgarantie\/","title":{"rendered":"Produktgarantie"},"content":{"rendered":"\t\t<div data-elementor-type=\"wp-page\" data-elementor-id=\"12384\" class=\"elementor elementor-12384 elementor-6524\" data-elementor-post-type=\"page\">\n\t\t\t\t<div class=\"elementor-element elementor-element-d155924 e-con-full animated-slow e-flex elementor-invisible e-con e-parent\" data-id=\"d155924\" data-element_type=\"container\" data-e-type=\"container\" data-settings=\"{&quot;background_background&quot;:&quot;classic&quot;,&quot;animation&quot;:&quot;fadeIn&quot;,&quot;animation_delay&quot;:600}\">\n\t\t\t\t<div class=\"elementor-element elementor-element-7846fec elementor-widget__width-initial elementor-absolute elementor-widget elementor-widget-image\" data-id=\"7846fec\" data-element_type=\"widget\" data-e-type=\"widget\" data-settings=\"{&quot;_position&quot;:&quot;absolute&quot;}\" data-widget_type=\"image.default\">\n\t\t\t\t<div class=\"elementor-widget-container\">\n\t\t\t\t\t\t\t\t\t\t\t\t\t\t\t<img fetchpriority=\"high\" decoding=\"async\" width=\"3568\" height=\"171\" src=\"https:\/\/www.lidering.com\/wp-content\/uploads\/2024\/02\/forma.svg\" class=\"attachment-large size-large wp-image-12078\" alt=\"\" \/>\t\t\t\t\t\t\t\t\t\t\t\t\t\t\t<\/div>\n\t\t\t\t<\/div>\n\t\t\t\t<div class=\"elementor-element elementor-element-cd1f2ac elementor-widget elementor-widget-heading\" data-id=\"cd1f2ac\" data-element_type=\"widget\" data-e-type=\"widget\" data-widget_type=\"heading.default\">\n\t\t\t\t<div class=\"elementor-widget-container\">\n\t\t\t\t\t<h1 class=\"elementor-heading-title elementor-size-default\">Produktgarantie<\/h1>\t\t\t\t<\/div>\n\t\t\t\t<\/div>\n\t\t\t\t<\/div>\n\t\t<div class=\"elementor-element elementor-element-81ebf2e e-flex e-con-boxed e-con e-parent\" data-id=\"81ebf2e\" data-element_type=\"container\" data-e-type=\"container\">\n\t\t\t\t\t<div class=\"e-con-inner\">\n\t\t<div class=\"elementor-element elementor-element-c27f8a1 e-con-full e-flex e-con e-child\" data-id=\"c27f8a1\" data-element_type=\"container\" data-e-type=\"container\">\n\t\t\t\t<div class=\"elementor-element elementor-element-9f9655b elementor-widget__width-initial elementor-widget elementor-widget-text-editor\" data-id=\"9f9655b\" data-element_type=\"widget\" data-e-type=\"widget\" data-widget_type=\"text-editor.default\">\n\t\t\t\t<div class=\"elementor-widget-container\">\n\t\t\t\t\t\t\t\t\t<ul><li><strong>a)<\/strong> Lidering garantiert auf die Produkte in Bezug auf Material- und \/ oder Herstellungsfehler f\u00fcr einen Zeitraum von EINEM (1) JAHR ab dem Datum des Eingangs der Bestellung beim Kunden.<\/li><li><strong>b)<\/strong> Material- und \/ oder Herstellungsfehler m\u00fcssen Lidering schriftlich gemeldet werden.<\/li><li><strong>c)<\/strong> Die in Abschnitt a) oben genannte Garantie besteht ausschlie\u00dflich aus der Reparatur oder dem Austausch der als fehlerhaft erkannten Produkte, welche von Lidering bestimmt wird.<\/li><li><strong>d)<\/strong> Sofern nicht ausdr\u00fccklich anders vereinbart, werden Reparaturen von Lidering oder von Dritten durchgef\u00fchrt, die ausdr\u00fccklich von Lidering benannt wurden.<\/li><li><strong>e)<\/strong> Die Kosten f\u00fcr Demontage, Transport, Geb\u00fchren die durch die \u00dcbergabe der fehlerhaften Produkte an Lidering und deren R\u00fccklieferung an den Kunden entstehen, gehen zu Lasten des Kunden.<\/li><li><strong>f)<\/strong> Sch\u00e4den und \/ oder M\u00e4ngel aufgrund normaler Abnutzung durch die Verwendung der Produkte sind von der Garantie ausgeschlossen. Ebenso Sch\u00e4den und M\u00e4ngel, die durch unsachgem\u00e4\u00dfe Aufbewahrung oder Wartung, unsachgem\u00e4\u00dfe oder fahrl\u00e4ssige Lagerung oder Verwendung, missbr\u00e4uchliche Verwendung, fehlerhafte Baugruppen, nicht autorisierte Modifikationen oder \u00c4nderungen an den Produkten und im Allgemeinen aus Gr\u00fcnden verursacht wurden, die nicht Lidering zuzurechnen sind.<\/li><li><strong>g)<\/strong> Lidering garantiert nicht die Eignung der Produkte f\u00fcr bestimmte oder bestimmte Verwendungszwecke, es sei denn, dies wurde zuvor und ausdr\u00fccklich mit dem Kunden vereinbart. Der Kunde ist daf\u00fcr verantwortlich, zu \u00fcberpr\u00fcfen, ob die Produkte f\u00fcr die vom Kunden gew\u00fcnschte spezifische Verwendung geeignet sind.<\/li><li><strong>h)<\/strong> Ebenso ist jegliche Haftung f\u00fcr Sch\u00e4den, die aus den folgenden Handlungen resultieren, von der Garantie ausgeschlossen: fehlerhafte Installation durch den Kunden oder einen Dritten oder aufgrund chemischer, elektrochemischer oder elektrische Effekte, die nicht auf Lidering zur\u00fcckzuf\u00fchren sind, sowie entgangenen Gewinn; oder Sch\u00e4den aufgrund von Verz\u00f6gerungen oder Produktionsausf\u00e4llen, die den Kunden entstehen k\u00f6nnen.<\/li><\/ul>\t\t\t\t\t\t\t\t<\/div>\n\t\t\t\t<\/div>\n\t\t\t\t<\/div>\n\t\t\t\t\t<\/div>\n\t\t\t\t<\/div>\n\t\t\t\t<\/div>\n\t\t","protected":false},"excerpt":{"rendered":"<p>a) Lidering garantiert auf die Produkte in Bezug auf Material- und \/ oder Herstellungsfehler f\u00fcr einen Zeitraum von EINEM (1) JAHR ab dem Datum des Eingangs der Bestellung beim Kunden. b) Material- und \/ oder Herstellungsfehler m\u00fcssen Lidering schriftlich gemeldet werden. c) Die in Abschnitt a) oben genannte Garantie besteht ausschlie\u00dflich aus der Reparatur oder&hellip;&nbsp;<\/p>\n","protected":false},"author":1,"featured_media":0,"parent":0,"menu_order":0,"comment_status":"closed","ping_status":"closed","template":"elementor_header_footer","meta":{"_acf_changed":false,"neve_meta_sidebar":"","neve_meta_container":"","neve_meta_enable_content_width":"off","neve_meta_content_width":100,"neve_meta_title_alignment":"","neve_meta_author_avatar":"","neve_post_elements_order":"","neve_meta_disable_header":"","neve_meta_disable_footer":"","neve_meta_disable_title":"","footnotes":""},"class_list":["post-12384","page","type-page","status-publish","hentry"],"acf":[],"yoast_head":"<!-- This site is optimized with the Yoast SEO plugin v27.4 - https:\/\/yoast.com\/product\/yoast-seo-wordpress\/ -->\n<title>Produktgarantie | Lidering<\/title>\n<meta name=\"robots\" content=\"noindex, follow\" \/>\n<meta property=\"og:locale\" content=\"de_DE\" \/>\n<meta property=\"og:type\" content=\"article\" \/>\n<meta property=\"og:title\" content=\"Produktgarantie | Lidering\" \/>\n<meta property=\"og:description\" content=\"a) Lidering garantiert auf die Produkte in Bezug auf Material- und \/ oder Herstellungsfehler f\u00fcr einen Zeitraum von EINEM (1) JAHR ab dem Datum des Eingangs der Bestellung beim Kunden. b) Material- und \/ oder Herstellungsfehler m\u00fcssen Lidering schriftlich gemeldet werden. c) Die in Abschnitt a) oben genannte Garantie besteht ausschlie\u00dflich aus der Reparatur oder&hellip;&nbsp;\" \/>\n<meta property=\"og:url\" content=\"https:\/\/www.lidering.com\/de\/produktgarantie\/\" \/>\n<meta property=\"og:site_name\" content=\"Lidering\" \/>\n<meta property=\"article:modified_time\" content=\"2024-06-05T10:29:54+00:00\" \/>\n<meta property=\"og:image\" content=\"https:\/\/www.lidering.com\/wp-content\/uploads\/2024\/02\/forma.svg\" \/>\n<meta name=\"twitter:card\" content=\"summary_large_image\" \/>\n<meta name=\"twitter:label1\" content=\"Gesch\u00e4tzte Lesezeit\" \/>\n\t<meta name=\"twitter:data1\" content=\"2\u00a0Minuten\" \/>\n<script type=\"application\/ld+json\" class=\"yoast-schema-graph\">{\"@context\":\"https:\\\/\\\/schema.org\",\"@graph\":[{\"@type\":\"WebPage\",\"@id\":\"https:\\\/\\\/www.lidering.com\\\/de\\\/produktgarantie\\\/\",\"url\":\"https:\\\/\\\/www.lidering.com\\\/de\\\/produktgarantie\\\/\",\"name\":\"Produktgarantie | Lidering\",\"isPartOf\":{\"@id\":\"https:\\\/\\\/www.lidering.com\\\/de\\\/#website\"},\"primaryImageOfPage\":{\"@id\":\"https:\\\/\\\/www.lidering.com\\\/de\\\/produktgarantie\\\/#primaryimage\"},\"image\":{\"@id\":\"https:\\\/\\\/www.lidering.com\\\/de\\\/produktgarantie\\\/#primaryimage\"},\"thumbnailUrl\":\"https:\\\/\\\/www.lidering.com\\\/wp-content\\\/uploads\\\/2024\\\/02\\\/forma.svg\",\"datePublished\":\"2024-05-28T13:40:14+00:00\",\"dateModified\":\"2024-06-05T10:29:54+00:00\",\"breadcrumb\":{\"@id\":\"https:\\\/\\\/www.lidering.com\\\/de\\\/produktgarantie\\\/#breadcrumb\"},\"inLanguage\":\"de\",\"potentialAction\":[{\"@type\":\"ReadAction\",\"target\":[\"https:\\\/\\\/www.lidering.com\\\/de\\\/produktgarantie\\\/\"]}]},{\"@type\":\"ImageObject\",\"inLanguage\":\"de\",\"@id\":\"https:\\\/\\\/www.lidering.com\\\/de\\\/produktgarantie\\\/#primaryimage\",\"url\":\"https:\\\/\\\/www.lidering.com\\\/wp-content\\\/uploads\\\/2024\\\/02\\\/forma.svg\",\"contentUrl\":\"https:\\\/\\\/www.lidering.com\\\/wp-content\\\/uploads\\\/2024\\\/02\\\/forma.svg\"},{\"@type\":\"BreadcrumbList\",\"@id\":\"https:\\\/\\\/www.lidering.com\\\/de\\\/produktgarantie\\\/#breadcrumb\",\"itemListElement\":[{\"@type\":\"ListItem\",\"position\":1,\"name\":\"Portada\",\"item\":\"https:\\\/\\\/www.lidering.com\\\/de\\\/\"},{\"@type\":\"ListItem\",\"position\":2,\"name\":\"Produktgarantie\"}]},{\"@type\":\"WebSite\",\"@id\":\"https:\\\/\\\/www.lidering.com\\\/de\\\/#website\",\"url\":\"https:\\\/\\\/www.lidering.com\\\/de\\\/\",\"name\":\"Lidering\",\"description\":\"Expertos en sellos mec\u00e1nicos\",\"publisher\":{\"@id\":\"https:\\\/\\\/www.lidering.com\\\/de\\\/#organization\"},\"alternateName\":\"Lidering\",\"potentialAction\":[{\"@type\":\"SearchAction\",\"target\":{\"@type\":\"EntryPoint\",\"urlTemplate\":\"https:\\\/\\\/www.lidering.com\\\/de\\\/?s={search_term_string}\"},\"query-input\":{\"@type\":\"PropertyValueSpecification\",\"valueRequired\":true,\"valueName\":\"search_term_string\"}}],\"inLanguage\":\"de\"},{\"@type\":\"Organization\",\"@id\":\"https:\\\/\\\/www.lidering.com\\\/de\\\/#organization\",\"name\":\"Lidering\",\"alternateName\":\"Lidering\",\"url\":\"https:\\\/\\\/www.lidering.com\\\/de\\\/\",\"logo\":{\"@type\":\"ImageObject\",\"inLanguage\":\"de\",\"@id\":\"https:\\\/\\\/www.lidering.com\\\/de\\\/#\\\/schema\\\/logo\\\/image\\\/\",\"url\":\"https:\\\/\\\/www.lidering.com\\\/wp-content\\\/uploads\\\/2026\\\/01\\\/favicon.png\",\"contentUrl\":\"https:\\\/\\\/www.lidering.com\\\/wp-content\\\/uploads\\\/2026\\\/01\\\/favicon.png\",\"width\":512,\"height\":512,\"caption\":\"Lidering\"},\"image\":{\"@id\":\"https:\\\/\\\/www.lidering.com\\\/de\\\/#\\\/schema\\\/logo\\\/image\\\/\"}}]}<\/script>\n<!-- \/ Yoast SEO plugin. -->","yoast_head_json":{"title":"Produktgarantie | Lidering","robots":{"index":"noindex","follow":"follow"},"og_locale":"de_DE","og_type":"article","og_title":"Produktgarantie | Lidering","og_description":"a) Lidering garantiert auf die Produkte in Bezug auf Material- und \/ oder Herstellungsfehler f\u00fcr einen Zeitraum von EINEM (1) JAHR ab dem Datum des Eingangs der Bestellung beim Kunden. b) Material- und \/ oder Herstellungsfehler m\u00fcssen Lidering schriftlich gemeldet werden. c) Die in Abschnitt a) oben genannte Garantie besteht ausschlie\u00dflich aus der Reparatur oder&hellip;&nbsp;","og_url":"https:\/\/www.lidering.com\/de\/produktgarantie\/","og_site_name":"Lidering","article_modified_time":"2024-06-05T10:29:54+00:00","og_image":[{"url":"https:\/\/www.lidering.com\/wp-content\/uploads\/2024\/02\/forma.svg","type":"","width":"","height":""}],"twitter_card":"summary_large_image","twitter_misc":{"Gesch\u00e4tzte Lesezeit":"2\u00a0Minuten"},"schema":{"@context":"https:\/\/schema.org","@graph":[{"@type":"WebPage","@id":"https:\/\/www.lidering.com\/de\/produktgarantie\/","url":"https:\/\/www.lidering.com\/de\/produktgarantie\/","name":"Produktgarantie | Lidering","isPartOf":{"@id":"https:\/\/www.lidering.com\/de\/#website"},"primaryImageOfPage":{"@id":"https:\/\/www.lidering.com\/de\/produktgarantie\/#primaryimage"},"image":{"@id":"https:\/\/www.lidering.com\/de\/produktgarantie\/#primaryimage"},"thumbnailUrl":"https:\/\/www.lidering.com\/wp-content\/uploads\/2024\/02\/forma.svg","datePublished":"2024-05-28T13:40:14+00:00","dateModified":"2024-06-05T10:29:54+00:00","breadcrumb":{"@id":"https:\/\/www.lidering.com\/de\/produktgarantie\/#breadcrumb"},"inLanguage":"de","potentialAction":[{"@type":"ReadAction","target":["https:\/\/www.lidering.com\/de\/produktgarantie\/"]}]},{"@type":"ImageObject","inLanguage":"de","@id":"https:\/\/www.lidering.com\/de\/produktgarantie\/#primaryimage","url":"https:\/\/www.lidering.com\/wp-content\/uploads\/2024\/02\/forma.svg","contentUrl":"https:\/\/www.lidering.com\/wp-content\/uploads\/2024\/02\/forma.svg"},{"@type":"BreadcrumbList","@id":"https:\/\/www.lidering.com\/de\/produktgarantie\/#breadcrumb","itemListElement":[{"@type":"ListItem","position":1,"name":"Portada","item":"https:\/\/www.lidering.com\/de\/"},{"@type":"ListItem","position":2,"name":"Produktgarantie"}]},{"@type":"WebSite","@id":"https:\/\/www.lidering.com\/de\/#website","url":"https:\/\/www.lidering.com\/de\/","name":"Lidering","description":"Expertos en sellos mec\u00e1nicos","publisher":{"@id":"https:\/\/www.lidering.com\/de\/#organization"},"alternateName":"Lidering","potentialAction":[{"@type":"SearchAction","target":{"@type":"EntryPoint","urlTemplate":"https:\/\/www.lidering.com\/de\/?s={search_term_string}"},"query-input":{"@type":"PropertyValueSpecification","valueRequired":true,"valueName":"search_term_string"}}],"inLanguage":"de"},{"@type":"Organization","@id":"https:\/\/www.lidering.com\/de\/#organization","name":"Lidering","alternateName":"Lidering","url":"https:\/\/www.lidering.com\/de\/","logo":{"@type":"ImageObject","inLanguage":"de","@id":"https:\/\/www.lidering.com\/de\/#\/schema\/logo\/image\/","url":"https:\/\/www.lidering.com\/wp-content\/uploads\/2026\/01\/favicon.png","contentUrl":"https:\/\/www.lidering.com\/wp-content\/uploads\/2026\/01\/favicon.png","width":512,"height":512,"caption":"Lidering"},"image":{"@id":"https:\/\/www.lidering.com\/de\/#\/schema\/logo\/image\/"}}]}},"_links":{"self":[{"href":"https:\/\/www.lidering.com\/de\/wp-json\/wp\/v2\/pages\/12384","targetHints":{"allow":["GET"]}}],"collection":[{"href":"https:\/\/www.lidering.com\/de\/wp-json\/wp\/v2\/pages"}],"about":[{"href":"https:\/\/www.lidering.com\/de\/wp-json\/wp\/v2\/types\/page"}],"author":[{"embeddable":true,"href":"https:\/\/www.lidering.com\/de\/wp-json\/wp\/v2\/users\/1"}],"replies":[{"embeddable":true,"href":"https:\/\/www.lidering.com\/de\/wp-json\/wp\/v2\/comments?post=12384"}],"version-history":[{"count":4,"href":"https:\/\/www.lidering.com\/de\/wp-json\/wp\/v2\/pages\/12384\/revisions"}],"predecessor-version":[{"id":12388,"href":"https:\/\/www.lidering.com\/de\/wp-json\/wp\/v2\/pages\/12384\/revisions\/12388"}],"wp:attachment":[{"href":"https:\/\/www.lidering.com\/de\/wp-json\/wp\/v2\/media?parent=12384"}],"curies":[{"name":"wp","href":"https:\/\/api.w.org\/{rel}","templated":true}]}}