{"id":12213,"date":"2024-05-28T15:36:18","date_gmt":"2024-05-28T13:36:18","guid":{"rendered":"https:\/\/www.lidering.com\/avis-juridique\/"},"modified":"2024-08-08T11:14:25","modified_gmt":"2024-08-08T09:14:25","slug":"rechtlicher-hinweise","status":"publish","type":"page","link":"https:\/\/www.lidering.com\/de\/rechtlicher-hinweise\/","title":{"rendered":"Rechtlicher Hinweise"},"content":{"rendered":"\t\t<div data-elementor-type=\"wp-page\" data-elementor-id=\"12213\" class=\"elementor elementor-12213 elementor-6509\" data-elementor-post-type=\"page\">\n\t\t\t\t<div class=\"elementor-element elementor-element-cf22985 e-con-full animated-slow e-flex elementor-invisible e-con e-parent\" data-id=\"cf22985\" data-element_type=\"container\" data-e-type=\"container\" data-settings=\"{&quot;background_background&quot;:&quot;classic&quot;,&quot;animation&quot;:&quot;fadeIn&quot;,&quot;animation_delay&quot;:600}\">\n\t\t\t\t<div class=\"elementor-element elementor-element-291c417 elementor-widget__width-initial elementor-absolute elementor-widget elementor-widget-image\" data-id=\"291c417\" data-element_type=\"widget\" data-e-type=\"widget\" data-settings=\"{&quot;_position&quot;:&quot;absolute&quot;}\" data-widget_type=\"image.default\">\n\t\t\t\t<div class=\"elementor-widget-container\">\n\t\t\t\t\t\t\t\t\t\t\t\t\t\t\t<img fetchpriority=\"high\" decoding=\"async\" width=\"3568\" height=\"171\" src=\"https:\/\/www.lidering.com\/wp-content\/uploads\/2024\/02\/forma.svg\" class=\"attachment-large size-large wp-image-12078\" alt=\"\" \/>\t\t\t\t\t\t\t\t\t\t\t\t\t\t\t<\/div>\n\t\t\t\t<\/div>\n\t\t\t\t<div class=\"elementor-element elementor-element-140acbe elementor-widget elementor-widget-heading\" data-id=\"140acbe\" data-element_type=\"widget\" data-e-type=\"widget\" data-widget_type=\"heading.default\">\n\t\t\t\t<div class=\"elementor-widget-container\">\n\t\t\t\t\t<h1 class=\"elementor-heading-title elementor-size-default\">Rechtlicher Hinweise<\/h1>\t\t\t\t<\/div>\n\t\t\t\t<\/div>\n\t\t\t\t<\/div>\n\t\t<div class=\"elementor-element elementor-element-5704961 e-flex e-con-boxed e-con e-parent\" data-id=\"5704961\" data-element_type=\"container\" data-e-type=\"container\">\n\t\t\t\t\t<div class=\"e-con-inner\">\n\t\t<div class=\"elementor-element elementor-element-4cb9182 e-con-full e-flex e-con e-child\" data-id=\"4cb9182\" data-element_type=\"container\" data-e-type=\"container\">\n\t\t\t\t<div class=\"elementor-element elementor-element-e0422b8 elementor-widget__width-initial elementor-widget elementor-widget-text-editor\" data-id=\"e0422b8\" data-element_type=\"widget\" data-e-type=\"widget\" data-widget_type=\"text-editor.default\">\n\t\t\t\t<div class=\"elementor-widget-container\">\n\t\t\t\t\t\t\t\t\t<p style=\"text-align: justify;\">In \u00dcbereinstimmung mit der Informationspflicht gem\u00e4\u00df Artikel 10 des Gesetzes 34\/2002 vom 11. Juli, Dienstleistungen Informationsgesellschaft und elektronischer Handel (LSSICE), informiert Sie der Inhaber der Website \u00fcber Folgendes:<\/p><p style=\"text-align: justify;\">Name des Unternehmens: LIDERING, S.A.U.<br \/>TAX ID: A08382491<br \/>Anschrift: Paseo de Ferrocarrils Catalans, 106-108 &#8211; 08940 Cornell\u00e0 de Llobregat (Barcelona)<\/p><p style=\"text-align: justify;\"><span style=\"letter-spacing: -0.2px; color: var( --e-global-color-nvdarkbg ); text-align: var(--text-align); background-color: var(--nv-site-bg); text-transform: var(--bodytexttransform);\">LIDERING, S.A.U.<\/span>\u00a0\u00fcbernimmt im Rahmen der gesetzlichen Bestimmungen keine Haftung f\u00fcr die mangelnde Richtigkeit, Vollst\u00e4ndigkeit, Aktualisierung und Genauigkeit der auf seinen Internetseiten enthaltenen Daten und Informationen.<\/p><p style=\"text-align: justify;\">Die Inhalte und Informationen binden weder\u00a0<span style=\"letter-spacing: -0.2px;\">LIDERING, S.A.U.<\/span>\u00a0noch stellen sie Meinungen, Ratschl\u00e4ge oder Rechtsausk\u00fcnfte jeglicher Art dar, da es sich lediglich um einen Service handelt, der zu Informations- und Aufkl\u00e4rungszwecken angeboten wird.<\/p><p style=\"text-align: justify;\">Die Internet-Seiten von\u00a0<span style=\"letter-spacing: -0.2px;\">LIDERING, S.A.U.<\/span>\u00a0k\u00f6nnen Links zu anderen Seiten Dritter enthalten, auf die\u00a0<span style=\"letter-spacing: -0.2px;\">LIDERING, S.A.U.<\/span>\u00a0keinen Einfluss hat. Daher kann\u00a0<span style=\"letter-spacing: -0.2px;\">LIDERING, S.A.U.<\/span>\u00a0keine Verantwortung f\u00fcr die Inhalte auf den Seiten Dritter \u00fcbernehmen.<\/p><p style=\"text-align: justify;\">Die Texte, Bilder, T\u00f6ne, Animationen, Software und sonstigen Inhalte dieser Website sind ausschlie\u00dfliches Eigentum von\u00a0<span style=\"letter-spacing: -0.2px;\">LIDERING, S.A.U.<\/span>\u00a0oder seiner Lizenzgeber. Jegliche \u00dcbertragung, Verteilung, Weitergabe, Vervielf\u00e4ltigung, Speicherung oder vollst\u00e4ndige oder teilweise \u00f6ffentliche Bekanntmachung bedarf der ausdr\u00fccklichen Zustimmung von\u00a0<span style=\"letter-spacing: -0.2px;\">LIDERING, S.A.U.<\/span><\/p><p style=\"text-align: justify;\">Um Zugang zu einigen der Dienstleistungen zu erhalten, die\u00a0<span style=\"letter-spacing: -0.2px;\">LIDERING, S.A.U.<\/span>\u00a0\u00fcber die Website anbietet, m\u00fcssen Sie ebenfalls einige pers\u00f6nliche Daten angeben. In \u00dcbereinstimmung mit den Bestimmungen der Verordnung (EU) 2016\/679 des Europ\u00e4ischen Parlaments und des Rates vom 27. April 2016 zum Schutz nat\u00fcrlicher Personen bei der Verarbeitung personenbezogener Daten und zum freien Datenverkehr informieren wir Sie dar\u00fcber, dass durch das Ausf\u00fcllen dieser Formulare Ihre personenbezogenen Daten in die Dateien von LIDERING S.A.U. aufgenommen und verarbeitet werden, um Ihnen unsere Dienstleistungen anbieten zu k\u00f6nnen und um Sie \u00fcber Verbesserungen der Website zu informieren. Wir informieren Sie auch \u00fcber die M\u00f6glichkeit, Ihre Rechte auf Zugang, Berichtigung, L\u00f6schung und Widerspruch zu Ihren pers\u00f6nlichen Daten auszu\u00fcben, und zwar kostenlos per E-Mail an <a href=\"mailto:gdpr@lidering.com\" target=\"_blank\" rel=\"noopener\">gdpr@lidering.com<\/a> oder unter der Adresse Paseo de Ferrocarrils Catalans, 106-108 &#8211; 08940 Cornell\u00e0 de Llobregat (Barcelona).<\/p>\t\t\t\t\t\t\t\t<\/div>\n\t\t\t\t<\/div>\n\t\t\t\t<\/div>\n\t\t\t\t\t<\/div>\n\t\t\t\t<\/div>\n\t\t\t\t<\/div>\n\t\t","protected":false},"excerpt":{"rendered":"<p>In \u00dcbereinstimmung mit der Informationspflicht gem\u00e4\u00df Artikel 10 des Gesetzes 34\/2002 vom 11. Juli, Dienstleistungen Informationsgesellschaft und elektronischer Handel (LSSICE), informiert Sie der Inhaber der Website \u00fcber Folgendes: Name des Unternehmens: LIDERING, S.A.U.TAX ID: A08382491Anschrift: Paseo de Ferrocarrils Catalans, 106-108 &#8211; 08940 Cornell\u00e0 de Llobregat (Barcelona) LIDERING, S.A.U.\u00a0\u00fcbernimmt im Rahmen der gesetzlichen Bestimmungen keine Haftung&hellip;&nbsp;<\/p>\n","protected":false},"author":1,"featured_media":0,"parent":0,"menu_order":0,"comment_status":"closed","ping_status":"closed","template":"page-templates\/template-pagebuilder-full-width.php","meta":{"_acf_changed":false,"neve_meta_sidebar":"","neve_meta_container":"","neve_meta_enable_content_width":"off","neve_meta_content_width":100,"neve_meta_title_alignment":"","neve_meta_author_avatar":"","neve_post_elements_order":"","neve_meta_disable_header":"","neve_meta_disable_footer":"","neve_meta_disable_title":"","footnotes":""},"class_list":["post-12213","page","type-page","status-publish","hentry"],"acf":[],"yoast_head":"<!-- This site is optimized with the Yoast SEO plugin v27.4 - https:\/\/yoast.com\/product\/yoast-seo-wordpress\/ -->\n<title>Rechtlicher Hinweise | Lidering<\/title>\n<meta name=\"robots\" content=\"noindex, follow\" \/>\n<meta property=\"og:locale\" content=\"de_DE\" \/>\n<meta property=\"og:type\" content=\"article\" \/>\n<meta property=\"og:title\" content=\"Rechtlicher Hinweise | Lidering\" \/>\n<meta property=\"og:description\" content=\"In \u00dcbereinstimmung mit der Informationspflicht gem\u00e4\u00df Artikel 10 des Gesetzes 34\/2002 vom 11. Juli, Dienstleistungen Informationsgesellschaft und elektronischer Handel (LSSICE), informiert Sie der Inhaber der Website \u00fcber Folgendes: Name des Unternehmens: LIDERING, S.A.U.TAX ID: A08382491Anschrift: Paseo de Ferrocarrils Catalans, 106-108 &#8211; 08940 Cornell\u00e0 de Llobregat (Barcelona) LIDERING, S.A.U.\u00a0\u00fcbernimmt im Rahmen der gesetzlichen Bestimmungen keine Haftung&hellip;&nbsp;\" \/>\n<meta property=\"og:url\" content=\"https:\/\/www.lidering.com\/de\/rechtlicher-hinweise\/\" \/>\n<meta property=\"og:site_name\" content=\"Lidering\" \/>\n<meta property=\"article:modified_time\" content=\"2024-08-08T09:14:25+00:00\" \/>\n<meta property=\"og:image\" content=\"https:\/\/www.lidering.com\/wp-content\/uploads\/2024\/02\/forma.svg\" \/>\n<meta name=\"twitter:card\" content=\"summary_large_image\" \/>\n<meta name=\"twitter:label1\" content=\"Gesch\u00e4tzte Lesezeit\" \/>\n\t<meta name=\"twitter:data1\" content=\"2\u00a0Minuten\" \/>\n<script type=\"application\/ld+json\" class=\"yoast-schema-graph\">{\"@context\":\"https:\\\/\\\/schema.org\",\"@graph\":[{\"@type\":\"WebPage\",\"@id\":\"https:\\\/\\\/www.lidering.com\\\/de\\\/rechtlicher-hinweise\\\/\",\"url\":\"https:\\\/\\\/www.lidering.com\\\/de\\\/rechtlicher-hinweise\\\/\",\"name\":\"Rechtlicher Hinweise | Lidering\",\"isPartOf\":{\"@id\":\"https:\\\/\\\/www.lidering.com\\\/de\\\/#website\"},\"primaryImageOfPage\":{\"@id\":\"https:\\\/\\\/www.lidering.com\\\/de\\\/rechtlicher-hinweise\\\/#primaryimage\"},\"image\":{\"@id\":\"https:\\\/\\\/www.lidering.com\\\/de\\\/rechtlicher-hinweise\\\/#primaryimage\"},\"thumbnailUrl\":\"https:\\\/\\\/www.lidering.com\\\/wp-content\\\/uploads\\\/2024\\\/02\\\/forma.svg\",\"datePublished\":\"2024-05-28T13:36:18+00:00\",\"dateModified\":\"2024-08-08T09:14:25+00:00\",\"breadcrumb\":{\"@id\":\"https:\\\/\\\/www.lidering.com\\\/de\\\/rechtlicher-hinweise\\\/#breadcrumb\"},\"inLanguage\":\"de\",\"potentialAction\":[{\"@type\":\"ReadAction\",\"target\":[\"https:\\\/\\\/www.lidering.com\\\/de\\\/rechtlicher-hinweise\\\/\"]}]},{\"@type\":\"ImageObject\",\"inLanguage\":\"de\",\"@id\":\"https:\\\/\\\/www.lidering.com\\\/de\\\/rechtlicher-hinweise\\\/#primaryimage\",\"url\":\"https:\\\/\\\/www.lidering.com\\\/wp-content\\\/uploads\\\/2024\\\/02\\\/forma.svg\",\"contentUrl\":\"https:\\\/\\\/www.lidering.com\\\/wp-content\\\/uploads\\\/2024\\\/02\\\/forma.svg\"},{\"@type\":\"BreadcrumbList\",\"@id\":\"https:\\\/\\\/www.lidering.com\\\/de\\\/rechtlicher-hinweise\\\/#breadcrumb\",\"itemListElement\":[{\"@type\":\"ListItem\",\"position\":1,\"name\":\"Portada\",\"item\":\"https:\\\/\\\/www.lidering.com\\\/de\\\/\"},{\"@type\":\"ListItem\",\"position\":2,\"name\":\"Rechtlicher Hinweise\"}]},{\"@type\":\"WebSite\",\"@id\":\"https:\\\/\\\/www.lidering.com\\\/de\\\/#website\",\"url\":\"https:\\\/\\\/www.lidering.com\\\/de\\\/\",\"name\":\"Lidering\",\"description\":\"Expertos en sellos mec\u00e1nicos\",\"publisher\":{\"@id\":\"https:\\\/\\\/www.lidering.com\\\/de\\\/#organization\"},\"alternateName\":\"Lidering\",\"potentialAction\":[{\"@type\":\"SearchAction\",\"target\":{\"@type\":\"EntryPoint\",\"urlTemplate\":\"https:\\\/\\\/www.lidering.com\\\/de\\\/?s={search_term_string}\"},\"query-input\":{\"@type\":\"PropertyValueSpecification\",\"valueRequired\":true,\"valueName\":\"search_term_string\"}}],\"inLanguage\":\"de\"},{\"@type\":\"Organization\",\"@id\":\"https:\\\/\\\/www.lidering.com\\\/de\\\/#organization\",\"name\":\"Lidering\",\"alternateName\":\"Lidering\",\"url\":\"https:\\\/\\\/www.lidering.com\\\/de\\\/\",\"logo\":{\"@type\":\"ImageObject\",\"inLanguage\":\"de\",\"@id\":\"https:\\\/\\\/www.lidering.com\\\/de\\\/#\\\/schema\\\/logo\\\/image\\\/\",\"url\":\"https:\\\/\\\/www.lidering.com\\\/wp-content\\\/uploads\\\/2026\\\/01\\\/favicon.png\",\"contentUrl\":\"https:\\\/\\\/www.lidering.com\\\/wp-content\\\/uploads\\\/2026\\\/01\\\/favicon.png\",\"width\":512,\"height\":512,\"caption\":\"Lidering\"},\"image\":{\"@id\":\"https:\\\/\\\/www.lidering.com\\\/de\\\/#\\\/schema\\\/logo\\\/image\\\/\"}}]}<\/script>\n<!-- \/ Yoast SEO plugin. -->","yoast_head_json":{"title":"Rechtlicher Hinweise | Lidering","robots":{"index":"noindex","follow":"follow"},"og_locale":"de_DE","og_type":"article","og_title":"Rechtlicher Hinweise | Lidering","og_description":"In \u00dcbereinstimmung mit der Informationspflicht gem\u00e4\u00df Artikel 10 des Gesetzes 34\/2002 vom 11. Juli, Dienstleistungen Informationsgesellschaft und elektronischer Handel (LSSICE), informiert Sie der Inhaber der Website \u00fcber Folgendes: Name des Unternehmens: LIDERING, S.A.U.TAX ID: A08382491Anschrift: Paseo de Ferrocarrils Catalans, 106-108 &#8211; 08940 Cornell\u00e0 de Llobregat (Barcelona) LIDERING, S.A.U.\u00a0\u00fcbernimmt im Rahmen der gesetzlichen Bestimmungen keine Haftung&hellip;&nbsp;","og_url":"https:\/\/www.lidering.com\/de\/rechtlicher-hinweise\/","og_site_name":"Lidering","article_modified_time":"2024-08-08T09:14:25+00:00","og_image":[{"url":"https:\/\/www.lidering.com\/wp-content\/uploads\/2024\/02\/forma.svg","type":"","width":"","height":""}],"twitter_card":"summary_large_image","twitter_misc":{"Gesch\u00e4tzte Lesezeit":"2\u00a0Minuten"},"schema":{"@context":"https:\/\/schema.org","@graph":[{"@type":"WebPage","@id":"https:\/\/www.lidering.com\/de\/rechtlicher-hinweise\/","url":"https:\/\/www.lidering.com\/de\/rechtlicher-hinweise\/","name":"Rechtlicher Hinweise | Lidering","isPartOf":{"@id":"https:\/\/www.lidering.com\/de\/#website"},"primaryImageOfPage":{"@id":"https:\/\/www.lidering.com\/de\/rechtlicher-hinweise\/#primaryimage"},"image":{"@id":"https:\/\/www.lidering.com\/de\/rechtlicher-hinweise\/#primaryimage"},"thumbnailUrl":"https:\/\/www.lidering.com\/wp-content\/uploads\/2024\/02\/forma.svg","datePublished":"2024-05-28T13:36:18+00:00","dateModified":"2024-08-08T09:14:25+00:00","breadcrumb":{"@id":"https:\/\/www.lidering.com\/de\/rechtlicher-hinweise\/#breadcrumb"},"inLanguage":"de","potentialAction":[{"@type":"ReadAction","target":["https:\/\/www.lidering.com\/de\/rechtlicher-hinweise\/"]}]},{"@type":"ImageObject","inLanguage":"de","@id":"https:\/\/www.lidering.com\/de\/rechtlicher-hinweise\/#primaryimage","url":"https:\/\/www.lidering.com\/wp-content\/uploads\/2024\/02\/forma.svg","contentUrl":"https:\/\/www.lidering.com\/wp-content\/uploads\/2024\/02\/forma.svg"},{"@type":"BreadcrumbList","@id":"https:\/\/www.lidering.com\/de\/rechtlicher-hinweise\/#breadcrumb","itemListElement":[{"@type":"ListItem","position":1,"name":"Portada","item":"https:\/\/www.lidering.com\/de\/"},{"@type":"ListItem","position":2,"name":"Rechtlicher Hinweise"}]},{"@type":"WebSite","@id":"https:\/\/www.lidering.com\/de\/#website","url":"https:\/\/www.lidering.com\/de\/","name":"Lidering","description":"Expertos en sellos mec\u00e1nicos","publisher":{"@id":"https:\/\/www.lidering.com\/de\/#organization"},"alternateName":"Lidering","potentialAction":[{"@type":"SearchAction","target":{"@type":"EntryPoint","urlTemplate":"https:\/\/www.lidering.com\/de\/?s={search_term_string}"},"query-input":{"@type":"PropertyValueSpecification","valueRequired":true,"valueName":"search_term_string"}}],"inLanguage":"de"},{"@type":"Organization","@id":"https:\/\/www.lidering.com\/de\/#organization","name":"Lidering","alternateName":"Lidering","url":"https:\/\/www.lidering.com\/de\/","logo":{"@type":"ImageObject","inLanguage":"de","@id":"https:\/\/www.lidering.com\/de\/#\/schema\/logo\/image\/","url":"https:\/\/www.lidering.com\/wp-content\/uploads\/2026\/01\/favicon.png","contentUrl":"https:\/\/www.lidering.com\/wp-content\/uploads\/2026\/01\/favicon.png","width":512,"height":512,"caption":"Lidering"},"image":{"@id":"https:\/\/www.lidering.com\/de\/#\/schema\/logo\/image\/"}}]}},"_links":{"self":[{"href":"https:\/\/www.lidering.com\/de\/wp-json\/wp\/v2\/pages\/12213","targetHints":{"allow":["GET"]}}],"collection":[{"href":"https:\/\/www.lidering.com\/de\/wp-json\/wp\/v2\/pages"}],"about":[{"href":"https:\/\/www.lidering.com\/de\/wp-json\/wp\/v2\/types\/page"}],"author":[{"embeddable":true,"href":"https:\/\/www.lidering.com\/de\/wp-json\/wp\/v2\/users\/1"}],"replies":[{"embeddable":true,"href":"https:\/\/www.lidering.com\/de\/wp-json\/wp\/v2\/comments?post=12213"}],"version-history":[{"count":7,"href":"https:\/\/www.lidering.com\/de\/wp-json\/wp\/v2\/pages\/12213\/revisions"}],"predecessor-version":[{"id":15384,"href":"https:\/\/www.lidering.com\/de\/wp-json\/wp\/v2\/pages\/12213\/revisions\/15384"}],"wp:attachment":[{"href":"https:\/\/www.lidering.com\/de\/wp-json\/wp\/v2\/media?parent=12213"}],"curies":[{"name":"wp","href":"https:\/\/api.w.org\/{rel}","templated":true}]}}