{"id":12125,"date":"2024-05-14T15:40:40","date_gmt":"2024-05-14T13:40:40","guid":{"rendered":"https:\/\/www.lidering.com\/produkte\/andere-produkte\/"},"modified":"2024-07-08T09:19:25","modified_gmt":"2024-07-08T07:19:25","slug":"andere-produkte","status":"publish","type":"page","link":"https:\/\/www.lidering.com\/de\/produkte\/andere-produkte\/","title":{"rendered":"Andere Produkte"},"content":{"rendered":"\t\t<div data-elementor-type=\"wp-page\" data-elementor-id=\"12125\" class=\"elementor elementor-12125 elementor-5004\" data-elementor-post-type=\"page\">\n\t\t\t\t<div class=\"elementor-element elementor-element-88e31e5 e-flex e-con-boxed e-con e-parent\" data-id=\"88e31e5\" data-element_type=\"container\" data-e-type=\"container\" data-settings=\"{&quot;background_background&quot;:&quot;classic&quot;}\">\n\t\t\t\t\t<div class=\"e-con-inner\">\n\t\t<div class=\"elementor-element elementor-element-1350949 e-flex e-con-boxed e-con e-child\" data-id=\"1350949\" data-element_type=\"container\" data-e-type=\"container\">\n\t\t\t\t\t<div class=\"e-con-inner\">\n\t\t\t\t<div class=\"elementor-element elementor-element-55f76d9 elementor-widget elementor-widget-heading\" data-id=\"55f76d9\" data-element_type=\"widget\" data-e-type=\"widget\" data-widget_type=\"heading.default\">\n\t\t\t\t<div class=\"elementor-widget-container\">\n\t\t\t\t\t<div class=\"elementor-heading-title elementor-size-default\"><a href=\"https:\/\/www.lidering.com\/productos\/\">Produkte<\/a><\/div>\t\t\t\t<\/div>\n\t\t\t\t<\/div>\n\t\t\t\t\t<\/div>\n\t\t\t\t<\/div>\n\t\t<div class=\"elementor-element elementor-element-36db40e e-flex e-con-boxed e-con e-child\" data-id=\"36db40e\" data-element_type=\"container\" data-e-type=\"container\">\n\t\t\t\t\t<div class=\"e-con-inner\">\n\t\t\t\t<div class=\"elementor-element elementor-element-f64b3d2 elementor-widget elementor-widget-heading\" data-id=\"f64b3d2\" data-element_type=\"widget\" data-e-type=\"widget\" data-widget_type=\"heading.default\">\n\t\t\t\t<div class=\"elementor-widget-container\">\n\t\t\t\t\t<h1 class=\"elementor-heading-title elementor-size-default\">Andere Produkte<\/h1>\t\t\t\t<\/div>\n\t\t\t\t<\/div>\n\t\t\t\t\t<\/div>\n\t\t\t\t<\/div>\n\t\t\t\t\t<\/div>\n\t\t\t\t<\/div>\n\t\t<div class=\"elementor-element elementor-element-a39c5a0 e-flex e-con-boxed e-con e-parent\" data-id=\"a39c5a0\" data-element_type=\"container\" data-e-type=\"container\" data-settings=\"{&quot;background_background&quot;:&quot;classic&quot;}\">\n\t\t\t\t\t<div class=\"e-con-inner\">\n\t\t<div class=\"elementor-element elementor-element-90d8fb9 e-flex e-con-boxed e-con e-child\" data-id=\"90d8fb9\" data-element_type=\"container\" data-e-type=\"container\">\n\t\t\t\t\t<div class=\"e-con-inner\">\n\t\t\t\t<div class=\"elementor-element elementor-element-69bbb2b elementor-widget__width-initial elementor-widget elementor-widget-text-editor\" data-id=\"69bbb2b\" data-element_type=\"widget\" data-e-type=\"widget\" data-widget_type=\"text-editor.default\">\n\t\t\t\t<div class=\"elementor-widget-container\">\n\t\t\t\t\t\t\t\t\t<p>Bei Lidering bieten wir auch andere Produkte im Zusammenhang mit Gleitringdichtungen an, die zur Abdichtung Ihres Fertigungsprozesses oder zur Verbesserung der Qualit\u00e4t Ihres Dichtungssystems beitragen k\u00f6nnen. Dies k\u00f6nnen z. B. Stopfbuchspackungen, Drehgelenksdichtungen (Rotationsdichtungen), Spiegeldichtungen und andere sein.<\/p>\n\t\t\t\t\t\t\t\t<\/div>\n\t\t\t\t<\/div>\n\t\t<div class=\"elementor-element elementor-element-b75ca89 e-flex e-con-boxed e-con e-child\" data-id=\"b75ca89\" data-element_type=\"container\" data-e-type=\"container\">\n\t\t\t\t\t<div class=\"e-con-inner\">\n\t\t<a class=\"elementor-element elementor-element-cdb72a2 e-con-full e-flex e-con e-child\" data-id=\"cdb72a2\" data-element_type=\"container\" data-e-type=\"container\" href=\"https:\/\/www.lidering.com\/subseccion\/dry-seals\/\">\n\t\t\t\t<div class=\"elementor-element elementor-element-8aeae7e e-transform elementor-widget elementor-widget-image\" data-id=\"8aeae7e\" data-element_type=\"widget\" data-e-type=\"widget\" data-settings=\"{&quot;_transform_scale_effect_hover&quot;:{&quot;unit&quot;:&quot;px&quot;,&quot;size&quot;:0.98,&quot;sizes&quot;:[]},&quot;_transform_scale_effect_hover_laptop&quot;:{&quot;unit&quot;:&quot;px&quot;,&quot;size&quot;:&quot;&quot;,&quot;sizes&quot;:[]},&quot;_transform_scale_effect_hover_tablet&quot;:{&quot;unit&quot;:&quot;px&quot;,&quot;size&quot;:&quot;&quot;,&quot;sizes&quot;:[]},&quot;_transform_scale_effect_hover_mobile&quot;:{&quot;unit&quot;:&quot;px&quot;,&quot;size&quot;:&quot;&quot;,&quot;sizes&quot;:[]}}\" data-widget_type=\"image.default\">\n\t\t\t\t<div class=\"elementor-widget-container\">\n\t\t\t\t\t\t\t\t\t\t\t\t\t\t\t<img fetchpriority=\"high\" decoding=\"async\" width=\"1024\" height=\"1024\" src=\"https:\/\/www.lidering.com\/wp-content\/uploads\/2024\/04\/410-SF-1024x1024.webp\" class=\"attachment-large size-large wp-image-11282\" alt=\"410-SF Lidering\" srcset=\"https:\/\/www.lidering.com\/wp-content\/uploads\/2024\/04\/410-SF-1024x1024.webp 1024w, https:\/\/www.lidering.com\/wp-content\/uploads\/2024\/04\/410-SF-300x300.webp 300w, https:\/\/www.lidering.com\/wp-content\/uploads\/2024\/04\/410-SF-150x150.webp 150w, https:\/\/www.lidering.com\/wp-content\/uploads\/2024\/04\/410-SF-768x768.webp 768w, https:\/\/www.lidering.com\/wp-content\/uploads\/2024\/04\/410-SF-650x650.webp 650w, https:\/\/www.lidering.com\/wp-content\/uploads\/2024\/04\/410-SF-1300x1300.webp 1300w, https:\/\/www.lidering.com\/wp-content\/uploads\/2024\/04\/elementor\/thumbs\/410-SF-qms9356mlx2e8d9ccag11mpts4fkeibego8mmvredk.webp 500w, https:\/\/www.lidering.com\/wp-content\/uploads\/2024\/04\/410-SF.webp 1500w\" sizes=\"(max-width: 1024px) 100vw, 1024px\" \/>\t\t\t\t\t\t\t\t\t\t\t\t\t\t\t<\/div>\n\t\t\t\t<\/div>\n\t\t\t\t<div class=\"elementor-element elementor-element-e749e74 elementor-widget elementor-widget-heading\" data-id=\"e749e74\" data-element_type=\"widget\" data-e-type=\"widget\" data-widget_type=\"heading.default\">\n\t\t\t\t<div class=\"elementor-widget-container\">\n\t\t\t\t\t<h2 class=\"elementor-heading-title elementor-size-default\">Dry Seals<\/h2>\t\t\t\t<\/div>\n\t\t\t\t<\/div>\n\t\t<div class=\"elementor-element elementor-element-6bc22b3 e-con-full e-flex e-con e-child\" data-id=\"6bc22b3\" data-element_type=\"container\" data-e-type=\"container\" data-settings=\"{&quot;background_background&quot;:&quot;classic&quot;,&quot;position&quot;:&quot;absolute&quot;}\">\n\t\t\t\t<\/div>\n\t\t\t\t<\/a>\n\t\t<a class=\"elementor-element elementor-element-babbc9a e-con-full e-flex e-con e-child\" data-id=\"babbc9a\" data-element_type=\"container\" data-e-type=\"container\" href=\"https:\/\/www.lidering.com\/subseccion\/productos-auxiliares\/\">\n\t\t\t\t<div class=\"elementor-element elementor-element-9b60018 e-transform elementor-widget elementor-widget-image\" data-id=\"9b60018\" data-element_type=\"widget\" data-e-type=\"widget\" data-settings=\"{&quot;_transform_scale_effect_hover&quot;:{&quot;unit&quot;:&quot;px&quot;,&quot;size&quot;:0.98,&quot;sizes&quot;:[]},&quot;_transform_scale_effect_hover_laptop&quot;:{&quot;unit&quot;:&quot;px&quot;,&quot;size&quot;:&quot;&quot;,&quot;sizes&quot;:[]},&quot;_transform_scale_effect_hover_tablet&quot;:{&quot;unit&quot;:&quot;px&quot;,&quot;size&quot;:&quot;&quot;,&quot;sizes&quot;:[]},&quot;_transform_scale_effect_hover_mobile&quot;:{&quot;unit&quot;:&quot;px&quot;,&quot;size&quot;:&quot;&quot;,&quot;sizes&quot;:[]}}\" data-widget_type=\"image.default\">\n\t\t\t\t<div class=\"elementor-widget-container\">\n\t\t\t\t\t\t\t\t\t\t\t\t\t\t\t<img decoding=\"async\" width=\"817\" height=\"1024\" src=\"https:\/\/www.lidering.com\/wp-content\/uploads\/2024\/04\/auxiliares-1-817x1024.webp\" class=\"attachment-large size-large wp-image-12361\" alt=\"Productos Auxiliares Lidering\" srcset=\"https:\/\/www.lidering.com\/wp-content\/uploads\/2024\/04\/auxiliares-1-817x1024.webp 817w, https:\/\/www.lidering.com\/wp-content\/uploads\/2024\/04\/auxiliares-1-239x300.webp 239w, https:\/\/www.lidering.com\/wp-content\/uploads\/2024\/04\/auxiliares-1-768x963.webp 768w, https:\/\/www.lidering.com\/wp-content\/uploads\/2024\/04\/auxiliares-1.webp 1200w\" sizes=\"(max-width: 817px) 100vw, 817px\" \/>\t\t\t\t\t\t\t\t\t\t\t\t\t\t\t<\/div>\n\t\t\t\t<\/div>\n\t\t\t\t<div class=\"elementor-element elementor-element-6048dc8 elementor-widget elementor-widget-heading\" data-id=\"6048dc8\" data-element_type=\"widget\" data-e-type=\"widget\" data-widget_type=\"heading.default\">\n\t\t\t\t<div class=\"elementor-widget-container\">\n\t\t\t\t\t<h2 class=\"elementor-heading-title elementor-size-default\">Zubeh\u00f6rprodukte<\/h2>\t\t\t\t<\/div>\n\t\t\t\t<\/div>\n\t\t<div class=\"elementor-element elementor-element-43a6101 e-con-full e-flex e-con e-child\" data-id=\"43a6101\" data-element_type=\"container\" data-e-type=\"container\" data-settings=\"{&quot;background_background&quot;:&quot;classic&quot;,&quot;position&quot;:&quot;absolute&quot;}\">\n\t\t\t\t<\/div>\n\t\t\t\t<\/a>\n\t\t<a class=\"elementor-element elementor-element-d5ff1e5 e-con-full e-flex e-con e-child\" data-id=\"d5ff1e5\" data-element_type=\"container\" data-e-type=\"container\" href=\"https:\/\/www.lidering.com\/subseccion\/productos-asociados\/\">\n\t\t\t\t<div class=\"elementor-element elementor-element-15510d4 e-transform elementor-widget elementor-widget-image\" data-id=\"15510d4\" data-element_type=\"widget\" data-e-type=\"widget\" data-settings=\"{&quot;_transform_scale_effect_hover&quot;:{&quot;unit&quot;:&quot;px&quot;,&quot;size&quot;:0.98,&quot;sizes&quot;:[]},&quot;_transform_scale_effect_hover_laptop&quot;:{&quot;unit&quot;:&quot;px&quot;,&quot;size&quot;:&quot;&quot;,&quot;sizes&quot;:[]},&quot;_transform_scale_effect_hover_tablet&quot;:{&quot;unit&quot;:&quot;px&quot;,&quot;size&quot;:&quot;&quot;,&quot;sizes&quot;:[]},&quot;_transform_scale_effect_hover_mobile&quot;:{&quot;unit&quot;:&quot;px&quot;,&quot;size&quot;:&quot;&quot;,&quot;sizes&quot;:[]}}\" data-widget_type=\"image.default\">\n\t\t\t\t<div class=\"elementor-widget-container\">\n\t\t\t\t\t\t\t\t\t\t\t\t\t\t\t<img decoding=\"async\" width=\"945\" height=\"1024\" src=\"https:\/\/www.lidering.com\/wp-content\/uploads\/2024\/01\/asociados-945x1024.webp\" class=\"attachment-large size-large wp-image-12306\" alt=\"Productos asociados Lidering\" srcset=\"https:\/\/www.lidering.com\/wp-content\/uploads\/2024\/01\/asociados-945x1024.webp 945w, https:\/\/www.lidering.com\/wp-content\/uploads\/2024\/01\/asociados-277x300.webp 277w, https:\/\/www.lidering.com\/wp-content\/uploads\/2024\/01\/asociados-768x833.webp 768w, https:\/\/www.lidering.com\/wp-content\/uploads\/2024\/01\/asociados-1417x1536.webp 1417w, https:\/\/www.lidering.com\/wp-content\/uploads\/2024\/01\/asociados.webp 1500w\" sizes=\"(max-width: 945px) 100vw, 945px\" \/>\t\t\t\t\t\t\t\t\t\t\t\t\t\t\t<\/div>\n\t\t\t\t<\/div>\n\t\t\t\t<div class=\"elementor-element elementor-element-a54f6ac elementor-widget elementor-widget-heading\" data-id=\"a54f6ac\" data-element_type=\"widget\" data-e-type=\"widget\" data-widget_type=\"heading.default\">\n\t\t\t\t<div class=\"elementor-widget-container\">\n\t\t\t\t\t<h2 class=\"elementor-heading-title elementor-size-default\">Zugeh\u00f6rige Produkte<\/h2>\t\t\t\t<\/div>\n\t\t\t\t<\/div>\n\t\t<div class=\"elementor-element elementor-element-89522f5 e-con-full e-flex e-con e-child\" data-id=\"89522f5\" data-element_type=\"container\" data-e-type=\"container\" data-settings=\"{&quot;background_background&quot;:&quot;classic&quot;,&quot;position&quot;:&quot;absolute&quot;}\">\n\t\t\t\t<\/div>\n\t\t\t\t<\/a>\n\t\t\t\t\t<\/div>\n\t\t\t\t<\/div>\n\t\t\t\t\t<\/div>\n\t\t\t\t<\/div>\n\t\t\t\t\t<\/div>\n\t\t\t\t<\/div>\n\t\t\t\t<\/div>\n\t\t","protected":false},"excerpt":{"rendered":"<p>Produkte Bei Lidering bieten wir auch andere Produkte im Zusammenhang mit Gleitringdichtungen an, die zur Abdichtung Ihres Fertigungsprozesses oder zur Verbesserung der Qualit\u00e4t Ihres Dichtungssystems beitragen k\u00f6nnen. Dies k\u00f6nnen z. B. Stopfbuchspackungen, Drehgelenksdichtungen (Rotationsdichtungen), Spiegeldichtungen und andere sein. Dry Seals Zubeh\u00f6rprodukte Zugeh\u00f6rige Produkte<\/p>\n","protected":false},"author":1,"featured_media":0,"parent":12114,"menu_order":0,"comment_status":"closed","ping_status":"closed","template":"page-templates\/template-pagebuilder-full-width.php","meta":{"_acf_changed":false,"neve_meta_sidebar":"","neve_meta_container":"","neve_meta_enable_content_width":"off","neve_meta_content_width":100,"neve_meta_title_alignment":"","neve_meta_author_avatar":"","neve_post_elements_order":"","neve_meta_disable_header":"","neve_meta_disable_footer":"","neve_meta_disable_title":"","footnotes":""},"class_list":["post-12125","page","type-page","status-publish","hentry"],"acf":[],"yoast_head":"<!-- This site is optimized with the Yoast SEO plugin v27.2 - https:\/\/yoast.com\/product\/yoast-seo-wordpress\/ -->\n<title>Andere Produkte | Lidering<\/title>\n<meta name=\"description\" content=\"Bei Lidering bieten wir auch andere Produkte im Zusammenhang mit Gleitringdichtungen an, die zur Abdichtung Ihres Fertigungsprozesses oder zur Verbesserung der Qualit\u00e4t Ihres Dichtungssystems beitragen k\u00f6nnen.\" \/>\n<meta name=\"robots\" content=\"index, follow, max-snippet:-1, max-image-preview:large, max-video-preview:-1\" \/>\n<link rel=\"canonical\" href=\"https:\/\/www.lidering.com\/de\/produkte\/andere-produkte\/\" \/>\n<meta property=\"og:locale\" content=\"de_DE\" \/>\n<meta property=\"og:type\" content=\"article\" \/>\n<meta property=\"og:title\" content=\"Andere Produkte | Lidering\" \/>\n<meta property=\"og:description\" content=\"Bei Lidering bieten wir auch andere Produkte im Zusammenhang mit Gleitringdichtungen an, die zur Abdichtung Ihres Fertigungsprozesses oder zur Verbesserung der Qualit\u00e4t Ihres Dichtungssystems beitragen k\u00f6nnen.\" \/>\n<meta property=\"og:url\" content=\"https:\/\/www.lidering.com\/de\/produkte\/andere-produkte\/\" \/>\n<meta property=\"og:site_name\" content=\"Lidering\" \/>\n<meta property=\"article:modified_time\" content=\"2024-07-08T07:19:25+00:00\" \/>\n<meta property=\"og:image\" content=\"https:\/\/www.lidering.com\/wp-content\/uploads\/2024\/04\/410-SF-1024x1024.webp\" \/>\n<meta name=\"twitter:card\" content=\"summary_large_image\" \/>\n<meta name=\"twitter:label1\" content=\"Gesch\u00e4tzte Lesezeit\" \/>\n\t<meta name=\"twitter:data1\" content=\"1\u00a0Minute\" \/>\n<script type=\"application\/ld+json\" class=\"yoast-schema-graph\">{\"@context\":\"https:\/\/schema.org\",\"@graph\":[{\"@type\":\"WebPage\",\"@id\":\"https:\/\/www.lidering.com\/de\/produkte\/andere-produkte\/\",\"url\":\"https:\/\/www.lidering.com\/de\/produkte\/andere-produkte\/\",\"name\":\"Andere Produkte | Lidering\",\"isPartOf\":{\"@id\":\"https:\/\/www.lidering.com\/de\/#website\"},\"primaryImageOfPage\":{\"@id\":\"https:\/\/www.lidering.com\/de\/produkte\/andere-produkte\/#primaryimage\"},\"image\":{\"@id\":\"https:\/\/www.lidering.com\/de\/produkte\/andere-produkte\/#primaryimage\"},\"thumbnailUrl\":\"https:\/\/www.lidering.com\/wp-content\/uploads\/2024\/04\/410-SF-1024x1024.webp\",\"datePublished\":\"2024-05-14T13:40:40+00:00\",\"dateModified\":\"2024-07-08T07:19:25+00:00\",\"description\":\"Bei Lidering bieten wir auch andere Produkte im Zusammenhang mit Gleitringdichtungen an, die zur Abdichtung Ihres Fertigungsprozesses oder zur Verbesserung der Qualit\u00e4t Ihres Dichtungssystems beitragen k\u00f6nnen.\",\"breadcrumb\":{\"@id\":\"https:\/\/www.lidering.com\/de\/produkte\/andere-produkte\/#breadcrumb\"},\"inLanguage\":\"de\",\"potentialAction\":[{\"@type\":\"ReadAction\",\"target\":[\"https:\/\/www.lidering.com\/de\/produkte\/andere-produkte\/\"]}]},{\"@type\":\"ImageObject\",\"inLanguage\":\"de\",\"@id\":\"https:\/\/www.lidering.com\/de\/produkte\/andere-produkte\/#primaryimage\",\"url\":\"https:\/\/www.lidering.com\/wp-content\/uploads\/2024\/04\/410-SF-1024x1024.webp\",\"contentUrl\":\"https:\/\/www.lidering.com\/wp-content\/uploads\/2024\/04\/410-SF-1024x1024.webp\"},{\"@type\":\"BreadcrumbList\",\"@id\":\"https:\/\/www.lidering.com\/de\/produkte\/andere-produkte\/#breadcrumb\",\"itemListElement\":[{\"@type\":\"ListItem\",\"position\":1,\"name\":\"Portada\",\"item\":\"https:\/\/www.lidering.com\/de\/\"},{\"@type\":\"ListItem\",\"position\":2,\"name\":\"Produkte\",\"item\":\"https:\/\/www.lidering.com\/de\/produkte\/\"},{\"@type\":\"ListItem\",\"position\":3,\"name\":\"Andere Produkte\"}]},{\"@type\":\"WebSite\",\"@id\":\"https:\/\/www.lidering.com\/de\/#website\",\"url\":\"https:\/\/www.lidering.com\/de\/\",\"name\":\"Lidering\",\"description\":\"Expertos en sellos mec\u00e1nicos\",\"publisher\":{\"@id\":\"https:\/\/www.lidering.com\/de\/#organization\"},\"alternateName\":\"Lidering\",\"potentialAction\":[{\"@type\":\"SearchAction\",\"target\":{\"@type\":\"EntryPoint\",\"urlTemplate\":\"https:\/\/www.lidering.com\/de\/?s={search_term_string}\"},\"query-input\":{\"@type\":\"PropertyValueSpecification\",\"valueRequired\":true,\"valueName\":\"search_term_string\"}}],\"inLanguage\":\"de\"},{\"@type\":\"Organization\",\"@id\":\"https:\/\/www.lidering.com\/de\/#organization\",\"name\":\"Lidering\",\"alternateName\":\"Lidering\",\"url\":\"https:\/\/www.lidering.com\/de\/\",\"logo\":{\"@type\":\"ImageObject\",\"inLanguage\":\"de\",\"@id\":\"https:\/\/www.lidering.com\/de\/#\/schema\/logo\/image\/\",\"url\":\"https:\/\/www.lidering.com\/wp-content\/uploads\/2026\/01\/favicon.png\",\"contentUrl\":\"https:\/\/www.lidering.com\/wp-content\/uploads\/2026\/01\/favicon.png\",\"width\":512,\"height\":512,\"caption\":\"Lidering\"},\"image\":{\"@id\":\"https:\/\/www.lidering.com\/de\/#\/schema\/logo\/image\/\"}}]}<\/script>\n<!-- \/ Yoast SEO plugin. -->","yoast_head_json":{"title":"Andere Produkte | Lidering","description":"Bei Lidering bieten wir auch andere Produkte im Zusammenhang mit Gleitringdichtungen an, die zur Abdichtung Ihres Fertigungsprozesses oder zur Verbesserung der Qualit\u00e4t Ihres Dichtungssystems beitragen k\u00f6nnen.","robots":{"index":"index","follow":"follow","max-snippet":"max-snippet:-1","max-image-preview":"max-image-preview:large","max-video-preview":"max-video-preview:-1"},"canonical":"https:\/\/www.lidering.com\/de\/produkte\/andere-produkte\/","og_locale":"de_DE","og_type":"article","og_title":"Andere Produkte | Lidering","og_description":"Bei Lidering bieten wir auch andere Produkte im Zusammenhang mit Gleitringdichtungen an, die zur Abdichtung Ihres Fertigungsprozesses oder zur Verbesserung der Qualit\u00e4t Ihres Dichtungssystems beitragen k\u00f6nnen.","og_url":"https:\/\/www.lidering.com\/de\/produkte\/andere-produkte\/","og_site_name":"Lidering","article_modified_time":"2024-07-08T07:19:25+00:00","og_image":[{"url":"https:\/\/www.lidering.com\/wp-content\/uploads\/2024\/04\/410-SF-1024x1024.webp","type":"","width":"","height":""}],"twitter_card":"summary_large_image","twitter_misc":{"Gesch\u00e4tzte Lesezeit":"1\u00a0Minute"},"schema":{"@context":"https:\/\/schema.org","@graph":[{"@type":"WebPage","@id":"https:\/\/www.lidering.com\/de\/produkte\/andere-produkte\/","url":"https:\/\/www.lidering.com\/de\/produkte\/andere-produkte\/","name":"Andere Produkte | Lidering","isPartOf":{"@id":"https:\/\/www.lidering.com\/de\/#website"},"primaryImageOfPage":{"@id":"https:\/\/www.lidering.com\/de\/produkte\/andere-produkte\/#primaryimage"},"image":{"@id":"https:\/\/www.lidering.com\/de\/produkte\/andere-produkte\/#primaryimage"},"thumbnailUrl":"https:\/\/www.lidering.com\/wp-content\/uploads\/2024\/04\/410-SF-1024x1024.webp","datePublished":"2024-05-14T13:40:40+00:00","dateModified":"2024-07-08T07:19:25+00:00","description":"Bei Lidering bieten wir auch andere Produkte im Zusammenhang mit Gleitringdichtungen an, die zur Abdichtung Ihres Fertigungsprozesses oder zur Verbesserung der Qualit\u00e4t Ihres Dichtungssystems beitragen k\u00f6nnen.","breadcrumb":{"@id":"https:\/\/www.lidering.com\/de\/produkte\/andere-produkte\/#breadcrumb"},"inLanguage":"de","potentialAction":[{"@type":"ReadAction","target":["https:\/\/www.lidering.com\/de\/produkte\/andere-produkte\/"]}]},{"@type":"ImageObject","inLanguage":"de","@id":"https:\/\/www.lidering.com\/de\/produkte\/andere-produkte\/#primaryimage","url":"https:\/\/www.lidering.com\/wp-content\/uploads\/2024\/04\/410-SF-1024x1024.webp","contentUrl":"https:\/\/www.lidering.com\/wp-content\/uploads\/2024\/04\/410-SF-1024x1024.webp"},{"@type":"BreadcrumbList","@id":"https:\/\/www.lidering.com\/de\/produkte\/andere-produkte\/#breadcrumb","itemListElement":[{"@type":"ListItem","position":1,"name":"Portada","item":"https:\/\/www.lidering.com\/de\/"},{"@type":"ListItem","position":2,"name":"Produkte","item":"https:\/\/www.lidering.com\/de\/produkte\/"},{"@type":"ListItem","position":3,"name":"Andere Produkte"}]},{"@type":"WebSite","@id":"https:\/\/www.lidering.com\/de\/#website","url":"https:\/\/www.lidering.com\/de\/","name":"Lidering","description":"Expertos en sellos mec\u00e1nicos","publisher":{"@id":"https:\/\/www.lidering.com\/de\/#organization"},"alternateName":"Lidering","potentialAction":[{"@type":"SearchAction","target":{"@type":"EntryPoint","urlTemplate":"https:\/\/www.lidering.com\/de\/?s={search_term_string}"},"query-input":{"@type":"PropertyValueSpecification","valueRequired":true,"valueName":"search_term_string"}}],"inLanguage":"de"},{"@type":"Organization","@id":"https:\/\/www.lidering.com\/de\/#organization","name":"Lidering","alternateName":"Lidering","url":"https:\/\/www.lidering.com\/de\/","logo":{"@type":"ImageObject","inLanguage":"de","@id":"https:\/\/www.lidering.com\/de\/#\/schema\/logo\/image\/","url":"https:\/\/www.lidering.com\/wp-content\/uploads\/2026\/01\/favicon.png","contentUrl":"https:\/\/www.lidering.com\/wp-content\/uploads\/2026\/01\/favicon.png","width":512,"height":512,"caption":"Lidering"},"image":{"@id":"https:\/\/www.lidering.com\/de\/#\/schema\/logo\/image\/"}}]}},"_links":{"self":[{"href":"https:\/\/www.lidering.com\/de\/wp-json\/wp\/v2\/pages\/12125","targetHints":{"allow":["GET"]}}],"collection":[{"href":"https:\/\/www.lidering.com\/de\/wp-json\/wp\/v2\/pages"}],"about":[{"href":"https:\/\/www.lidering.com\/de\/wp-json\/wp\/v2\/types\/page"}],"author":[{"embeddable":true,"href":"https:\/\/www.lidering.com\/de\/wp-json\/wp\/v2\/users\/1"}],"replies":[{"embeddable":true,"href":"https:\/\/www.lidering.com\/de\/wp-json\/wp\/v2\/comments?post=12125"}],"version-history":[{"count":10,"href":"https:\/\/www.lidering.com\/de\/wp-json\/wp\/v2\/pages\/12125\/revisions"}],"predecessor-version":[{"id":14557,"href":"https:\/\/www.lidering.com\/de\/wp-json\/wp\/v2\/pages\/12125\/revisions\/14557"}],"up":[{"embeddable":true,"href":"https:\/\/www.lidering.com\/de\/wp-json\/wp\/v2\/pages\/12114"}],"wp:attachment":[{"href":"https:\/\/www.lidering.com\/de\/wp-json\/wp\/v2\/media?parent=12125"}],"curies":[{"name":"wp","href":"https:\/\/api.w.org\/{rel}","templated":true}]}}